{"id":9874,"date":"2026-02-13T10:32:42","date_gmt":"2026-02-13T08:32:42","guid":{"rendered":"https:\/\/www.bluenatur.com\/contacto\/"},"modified":"2026-02-13T23:41:39","modified_gmt":"2026-02-13T21:41:39","slug":"contacto","status":"publish","type":"page","link":"https:\/\/www.bluenatur.com\/ca\/contacto\/","title":{"rendered":"Contacte"},"content":{"rendered":"<div class=\"wpb-content-wrapper\"><p>[vc_row][vc_column width=&#8221;1\/5&#8243;][vc_custom_heading text=&#8221;Barcelona&#8221; google_fonts=&#8221;font_family:Playfair%20Display%3Aregular%2Citalic%2C700%2C700italic%2C900%2C900italic|font_style:700%20bold%20italic%3A700%3Aitalic&#8221;][vc_empty_space height=&#8221;15px&#8221;][vc_column_text]<a href=\"https:\/\/maps.app.goo.gl\/i5YmX1hxs4Fd46L3A\" target=\"_blank\" rel=\"noopener noreferrer\">C\/ de l&#8217;Esla, 22, Nave 11<br \/>\n08223, Terrassa<\/a><\/p>\n<p>Telf. <a href=\"tel:938682862\">93 868 28 62<\/a>[\/vc_column_text][\/vc_column][vc_column width=&#8221;1\/5&#8243;][vc_custom_heading text=&#8221;Madrid&#8221; google_fonts=&#8221;font_family:Playfair%20Display%3Aregular%2Citalic%2C700%2C700italic%2C900%2C900italic|font_style:700%20bold%20italic%3A700%3Aitalic&#8221;][vc_empty_space height=&#8221;15px&#8221;][vc_column_text]<a href=\"https:\/\/maps.app.goo.gl\/YfmMcNX9m1ZbfcCY9\" target=\"_blank\" rel=\"noopener noreferrer\">C\/ Ferrocarril, N\u00ba 7, 28821 Coslada<\/a><\/p>\n<p>Telf.\u00a0<a href=\"tel:915712830\">915 71 28 30<\/a>[\/vc_column_text][\/vc_column][vc_column width=&#8221;1\/5&#8243;][vc_custom_heading text=&#8221;Bilbao&#8221; google_fonts=&#8221;font_family:Playfair%20Display%3Aregular%2Citalic%2C700%2C700italic%2C900%2C900italic|font_style:700%20bold%20italic%3A700%3Aitalic&#8221;][vc_empty_space height=&#8221;15px&#8221;][vc_column_text]<a href=\"https:\/\/maps.app.goo.gl\/jvcS8W7ucZeddWqw6\" target=\"_blank\" rel=\"noopener noreferrer\">C\/ Puerto Bidea, 6, 48950 Erandio<\/a><\/p>\n<p>Telf.\u00a0<a href=\"tel:944272804\">944 27 28 04<\/a>[\/vc_column_text][\/vc_column][vc_column width=&#8221;1\/5&#8243;][vc_custom_heading text=&#8221;Lisboa&#8221; google_fonts=&#8221;font_family:Playfair%20Display%3Aregular%2Citalic%2C700%2C700italic%2C900%2C900italic|font_style:700%20bold%20italic%3A700%3Aitalic&#8221;][vc_empty_space height=&#8221;15px&#8221;][vc_column_text]<a href=\"https:\/\/maps.app.goo.gl\/6uQiVczuksUtcJEC8\" target=\"_blank\" rel=\"noopener noreferrer\">Rua Carlos Lopes, 6, 2635-209 Rio Do Mouro<\/a><\/p>\n<p>Telf.\u00a0<a href=\"tel:+351211308651\">+351 211 308 651<\/a>[\/vc_column_text][\/vc_column][vc_column width=&#8221;1\/5&#8243;][vc_custom_heading text=&#8221;Oporto&#8221; google_fonts=&#8221;font_family:Playfair%20Display%3Aregular%2Citalic%2C700%2C700italic%2C900%2C900italic|font_style:700%20bold%20italic%3A700%3Aitalic&#8221;][vc_empty_space height=&#8221;15px&#8221;][vc_column_text]<a href=\"https:\/\/maps.app.goo.gl\/LhPmfniUFrAs57959\" target=\"_blank\" rel=\"noopener noreferrer\">R. Economia, 35, 4760-774 Vilarinho das Cambas<\/a><\/p>\n<p>Telf.\u00a0<a href=\"tel:+351211308651\">+351 211 308 651<\/a>[\/vc_column_text][\/vc_column][\/vc_row][vc_row][vc_column][vc_empty_space height=&#8221;0px&#8221;][wyde_heading title=&#8221;Contacta amb nosaltres&#8221;][vc_empty_space]\n<div class=\"wpcf7 no-js\" id=\"wpcf7-f9797-o1\" lang=\"en-US\" dir=\"ltr\" data-wpcf7-id=\"9797\">\n<div class=\"screen-reader-response\"><p role=\"status\" aria-live=\"polite\" aria-atomic=\"true\"><\/p> <ul><\/ul><\/div>\n<form action=\"\/ca\/wp-json\/wp\/v2\/pages\/9874#wpcf7-f9797-o1\" method=\"post\" class=\"wpcf7-form init\" aria-label=\"Contact form\" novalidate=\"novalidate\" data-status=\"init\">\n<fieldset class=\"hidden-fields-container\"><input type=\"hidden\" name=\"_wpcf7\" value=\"9797\" \/><input type=\"hidden\" name=\"_wpcf7_version\" value=\"6.1.5\" \/><input type=\"hidden\" name=\"_wpcf7_locale\" value=\"en_US\" \/><input type=\"hidden\" name=\"_wpcf7_unit_tag\" value=\"wpcf7-f9797-o1\" \/><input type=\"hidden\" name=\"_wpcf7_container_post\" value=\"0\" \/><input type=\"hidden\" name=\"_wpcf7_posted_data_hash\" value=\"\" \/><input type=\"hidden\" name=\"_wpcf7_recaptcha_response\" value=\"\" \/>\n<\/fieldset>\n<p><label> Nom<br \/>\n<span class=\"wpcf7-form-control-wrap\" data-name=\"nombre\"><input size=\"40\" maxlength=\"400\" class=\"wpcf7-form-control wpcf7-text wpcf7-validates-as-required\" aria-required=\"true\" aria-invalid=\"false\" value=\"\" type=\"text\" name=\"nombre\" \/><\/span><br \/>\n<\/label>\n<\/p>\n<p><label> Email<br \/>\n<span class=\"wpcf7-form-control-wrap\" data-name=\"email\"><input size=\"40\" maxlength=\"400\" class=\"wpcf7-form-control wpcf7-email wpcf7-validates-as-required wpcf7-text wpcf7-validates-as-email\" aria-required=\"true\" aria-invalid=\"false\" value=\"\" type=\"email\" name=\"email\" \/><\/span><br \/>\n<\/label>\n<\/p>\n<p><label> N\u00famero Tel\u00e8fon<br \/>\n<span class=\"wpcf7-form-control-wrap\" data-name=\"telefono\"><input size=\"40\" maxlength=\"400\" class=\"wpcf7-form-control wpcf7-tel wpcf7-validates-as-required wpcf7-text wpcf7-validates-as-tel\" aria-required=\"true\" aria-invalid=\"false\" value=\"\" type=\"tel\" name=\"telefono\" \/><\/span><br \/>\n<\/label>\n<\/p>\n<p><label> Empresa<br \/>\n<span class=\"wpcf7-form-control-wrap\" data-name=\"empresa\"><input size=\"40\" maxlength=\"400\" class=\"wpcf7-form-control wpcf7-text\" aria-invalid=\"false\" value=\"\" type=\"text\" name=\"empresa\" \/><\/span><br \/>\n<\/label>\n<\/p>\n<p><label> Prov\u00edncia<br \/>\n<span class=\"wpcf7-form-control-wrap\" data-name=\"provincia\"><select class=\"wpcf7-form-control wpcf7-select wpcf7-validates-as-required\" aria-required=\"true\" aria-invalid=\"false\" name=\"provincia\"><option value=\"Barcelona\">Barcelona<\/option><option value=\"Madrid\">Madrid<\/option><option value=\"Bilbao\">Bilbao<\/option><option value=\"Lisboa\">Lisboa<\/option><\/select><\/span><br \/>\n<\/label>\n<\/p>\n<p><label> Missatge<br \/>\n<span class=\"wpcf7-form-control-wrap\" data-name=\"mensaje\"><textarea cols=\"40\" rows=\"10\" maxlength=\"2000\" class=\"wpcf7-form-control wpcf7-textarea\" aria-invalid=\"false\" placeholder=\"Explica&#039;ns sobre les teves necessitats...\" name=\"mensaje\"><\/textarea><\/span><br \/>\n<\/label>\n<\/p>\n<p><input class=\"wpcf7-form-control wpcf7-submit has-spinner\" type=\"submit\" value=\"Enviar\" \/>\n<\/p>\n<p><span class=\"texto-legal\">De conformitat amb el que estableix la normativa vigent en Protecci\u00f3 de Dades de Car\u00e0cter Personal, l'informem que les seves dades seran incorporades al sistema de tractament titularitat de BLUENATUR & SH FACILITY SERVICES SL amb CIF B66665159 i domicili social situat a C\/ DE L'ESLA, 22, NAVE 11, 08223 TERRASSA (BARCELONA), amb la finalitat d'atendre les seves consultes. En compliment amb la normativa vigent, BLUENATUR & SH FACILITY SERVICES SL informa que les dades seran conservades durant el termini estrictament necessari per complir amb els preceptes esmentats anteriorment.<br \/>\nMentre no ens comuniqui el contrari, entendrem que les seves dades no han estat modificades, que vost\u00e8 es compromet a notificar-nos qualsevol variaci\u00f3 i que tenim el seu consentiment per utilitzar-los per les finalitats esmentades. BLUENATUR & SH FACILITY SERVICES SL informa que procedir\u00e0 a tractar les dades de manera l\u00edcita, lleial, transparent, adequada, pertinent, limitada, exacta i actualitzada. \u00c9s per aix\u00f2 que BLUENATUR & SH FACILITY SERVICES SL es compromet a adoptar totes les mesures raonables perqu\u00e8 aquests se suprimeixin o rectifiquin sense dilaci\u00f3 quan siguin inexactes. D'acord amb els drets que li confereix la normativa vigent en protecci\u00f3 de dades podr\u00e0 exercir els drets d'acc\u00e9s, rectificaci\u00f3, limitaci\u00f3 de tractament, supressi\u00f3, portabilitat i oposici\u00f3 al tractament de les seves dades de car\u00e0cter personal aix\u00ed com del consentiment prestat per al tractament d'aquests, dirigint la seva petici\u00f3 a l'adre\u00e7a postal indicada m\u00e9s amunt. Podr\u00e0 dirigir-se a l'Autoritat de Control competent per a presentar la reclamaci\u00f3 que consideri oportuna. L'enviament d'aquestes dades implica l'acceptaci\u00f3 d'aquesta cl\u00e0usula.<\/span>\n<\/p><div class=\"wpcf7-response-output\" aria-hidden=\"true\"><\/div>\n<\/form>\n<\/div>\n[vc_empty_space][wyde_gmaps height=&#8221;400&#8243; values=&#8221;%5B%7B%22address%22%3A%22C%2F%20de%20l&#8217;Esla%2C%2022%2C%20Nave%2011%2C%2008223%20Terrassa%22%2C%22location%22%3A%2241.551048%2C%202.031960%22%7D%2C%7B%22address%22%3A%22C%2F%20Ferrocarril%2C%20N%C2%BA%207%2C%2028821%20Coslada%22%2C%22location%22%3A%2240.443144%2C-3.537274%22%7D%2C%7B%22address%22%3A%22C%2F%20Puerto%20Bidea%2C%206%2C%2048950%20Erandio%22%2C%22location%22%3A%2243.344754%2C-2.950815%22%7D%2C%7B%22address%22%3A%22R.%20Carlos%20Lopes%2C%206%2C%202635-209%20Rio%20Do%20Mouro%22%2C%22location%22%3A%2238.753879%2C-9.353478%22%7D%2C%7B%22address%22%3A%22R.%20Economia%2C%2035%2C%204760-774%20Vilarinho%20das%20Cambas%22%2C%22location%22%3A%2241.382933%2C-8.543347%22%7D%5D&#8221; gmaps=&#8221;%7B%22zoom%22%3A5%2C%22type%22%3A%22roadmap%22%2C%22center%22%3A%7B%22lat%22%3A41.382933%2C%22lng%22%3A-8.543347%7D%7D&#8221;][\/vc_column][\/vc_row]<\/p>\n<\/div>","protected":false},"excerpt":{"rendered":"<p>[vc_row][vc_column width=&#8221;1\/5&#8243;][vc_custom_heading text=&#8221;Barcelona&#8221; google_fonts=&#8221;font_family:Playfair%20Display%3Aregular%2Citalic%2C700%2C700italic%2C900%2C900italic|font_style:700%20bold%20italic%3A700%3Aitalic&#8221;][vc_empty_space height=&#8221;15px&#8221;][vc_column_text]C\/ de l&#8217;Esla, 22, Nave 11 08223, Terrassa Telf. 93 868 28 62[\/vc_column_text][\/vc_column][vc_column width=&#8221;1\/5&#8243;][vc_custom_heading text=&#8221;Madrid&#8221; google_fonts=&#8221;font_family:Playfair%20Display%3Aregular%2Citalic%2C700%2C700italic%2C900%2C900italic|font_style:700%20bold%20italic%3A700%3Aitalic&#8221;][vc_empty_space height=&#8221;15px&#8221;][vc_column_text]C\/ Ferrocarril, N\u00ba 7, 28821 Coslada Telf.\u00a0915 71 28 30[\/vc_column_text][\/vc_column][vc_column width=&#8221;1\/5&#8243;][vc_custom_heading text=&#8221;Bilbao&#8221; google_fonts=&#8221;font_family:Playfair%20Display%3Aregular%2Citalic%2C700%2C700italic%2C900%2C900italic|font_style:700%20bold%20italic%3A700%3Aitalic&#8221;][vc_empty_space height=&#8221;15px&#8221;][vc_column_text]C\/ Puerto Bidea, 6, 48950 Erandio Telf.\u00a0944 27 28 04[\/vc_column_text][\/vc_column][vc_column width=&#8221;1\/5&#8243;][vc_custom_heading text=&#8221;Lisboa&#8221; google_fonts=&#8221;font_family:Playfair%20Display%3Aregular%2Citalic%2C700%2C700italic%2C900%2C900italic|font_style:700%20bold%20italic%3A700%3Aitalic&#8221;][vc_empty_space height=&#8221;15px&#8221;][vc_column_text]Rua Carlos Lopes, 6, 2635-209 Rio Do Mouro Telf.\u00a0+351 [&hellip;]<\/p>\n","protected":false},"author":5,"featured_media":0,"parent":0,"menu_order":0,"comment_status":"closed","ping_status":"closed","template":"","meta":{"footnotes":""},"class_list":["post-9874","page","type-page","status-publish","hentry"],"jetpack_sharing_enabled":true,"_links":{"self":[{"href":"https:\/\/www.bluenatur.com\/ca\/wp-json\/wp\/v2\/pages\/9874","targetHints":{"allow":["GET"]}}],"collection":[{"href":"https:\/\/www.bluenatur.com\/ca\/wp-json\/wp\/v2\/pages"}],"about":[{"href":"https:\/\/www.bluenatur.com\/ca\/wp-json\/wp\/v2\/types\/page"}],"author":[{"embeddable":true,"href":"https:\/\/www.bluenatur.com\/ca\/wp-json\/wp\/v2\/users\/5"}],"replies":[{"embeddable":true,"href":"https:\/\/www.bluenatur.com\/ca\/wp-json\/wp\/v2\/comments?post=9874"}],"version-history":[{"count":16,"href":"https:\/\/www.bluenatur.com\/ca\/wp-json\/wp\/v2\/pages\/9874\/revisions"}],"predecessor-version":[{"id":9927,"href":"https:\/\/www.bluenatur.com\/ca\/wp-json\/wp\/v2\/pages\/9874\/revisions\/9927"}],"wp:attachment":[{"href":"https:\/\/www.bluenatur.com\/ca\/wp-json\/wp\/v2\/media?parent=9874"}],"curies":[{"name":"wp","href":"https:\/\/api.w.org\/{rel}","templated":true}]}}