{"id":9753,"date":"2026-01-07T19:17:41","date_gmt":"2026-01-07T17:17:41","guid":{"rendered":"https:\/\/www.bluenatur.com\/?page_id=9753"},"modified":"2026-04-10T16:07:25","modified_gmt":"2026-04-10T14:07:25","slug":"equipo","status":"publish","type":"page","link":"https:\/\/www.bluenatur.com\/ca\/equipo\/","title":{"rendered":"Equip"},"content":{"rendered":"<div class=\"wpb-content-wrapper\"><p>[vc_row css=&#8221;.vc_custom_1473356174303{padding-top: 40px !important;}&#8221;][vc_column width=&#8221;1\/4&#8243;][\/vc_column][vc_column width=&#8221;1\/2&#8243;][vc_custom_heading text=&#8221;El nostre equip \u00e9s l\u00b4\u00e0nima de Bluenatur. Persones compromeses, properes i apassionades pel benestar, que comparteixen una mateixa manera d&#8217;entendre la cura natural i l&#8217;atenci\u00f3 al detall.&#8221; font_container=&#8221;tag:p|font_size:22px|text_align:center|line_height:36px&#8221; google_fonts=&#8221;font_family:Lato%3A100%2C100italic%2C300%2C300italic%2Cregular%2Citalic%2C700%2C700italic%2C900%2C900italic|font_style:300%20light%20regular%3A300%3Anormal&#8221;][vc_custom_heading text=&#8221;Creiem en el treball en equip, en la professionalitat i en la connexi\u00f3 humana, perqu\u00e8 s\u00f3n les persones les que fan possible que cada experi\u00e8ncia Bluenatur sigui aut\u00e8ntica, coherent i plena de valor.&#8221; font_container=&#8221;tag:p|font_size:22px|text_align:center|line_height:36px&#8221; google_fonts=&#8221;font_family:Lato%3A100%2C100italic%2C300%2C300italic%2Cregular%2Citalic%2C700%2C700italic%2C900%2C900italic|font_style:300%20light%20regular%3A300%3Anormal&#8221;][\/vc_column][vc_column width=&#8221;1\/4&#8243;][\/vc_column][\/vc_row][vc_row padding_size=&#8221;xl-padding&#8221; background_position=&#8221;center bottom&#8221; parallax=&#8221;parallax&#8221; bg_image_url=&#8221;https:\/\/www.bluenatur.com\/wp-content\/uploads\/2020\/01\/corporate2-150&#215;150.jpg&#8221; background_image=&#8221;8185&#8243;][vc_column][vc_row_inner][vc_column_inner overlap=&#8221;top&#8221; overlap_distance=&#8221;180px&#8221; overlap_index=&#8221;50&#8243;][wyde_heading style=&#8221;4&#8243;][\/vc_column_inner][\/vc_row_inner][vc_row_inner][vc_column_inner overlap=&#8221;top&#8221; overlap_distance=&#8221;180px&#8221; overlap_index=&#8221;50&#8243; offset=&#8221;vc_hidden-lg vc_hidden-md&#8221;][vc_empty_space height=&#8221;60px&#8221;][\/vc_column_inner][\/vc_row_inner][vc_row_inner overlap=&#8221;top&#8221; overlap_distance=&#8221;80px&#8221; overlap_index=&#8221;50&#8243;][vc_column_inner width=&#8221;1\/3&#8243; background_color=&#8221;#ffffff&#8221;][vc_empty_space][vc_single_image image=&#8221;9651&#8243;][vc_empty_space][vc_custom_heading text=&#8221;Francesc&#8221; font_container=&#8221;tag:p|font_size:28%20px|text_align:center|line_height:10%20px&#8221;][vc_column_text]<\/p>\n<p style=\"text-align: center;\">Director<\/p>\n<p>[\/vc_column_text][vc_empty_space height=&#8221;20px&#8221;][\/vc_column_inner][vc_column_inner width=&#8221;1\/3&#8243; background_color=&#8221;#ffffff&#8221;][vc_empty_space][vc_single_image image=&#8221;9649&#8243;][vc_empty_space][vc_custom_heading text=&#8221;David&#8221; font_container=&#8221;tag:p|font_size:28%20px|text_align:center|line_height:10%20px&#8221;][vc_column_text]<\/p>\n<p style=\"text-align: center;\">Responsable operacions<\/p>\n<p>[\/vc_column_text][vc_empty_space height=&#8221;20px&#8221;][\/vc_column_inner][vc_column_inner width=&#8221;1\/3&#8243; background_color=&#8221;#ffffff&#8221;][vc_empty_space][vc_single_image image=&#8221;9734&#8243;][vc_empty_space][vc_custom_heading text=&#8221;Noelia&#8221; font_container=&#8221;tag:p|font_size:28%20px|text_align:center|line_height:10%20px&#8221;][vc_column_text]<\/p>\n<p style=\"text-align: center;\">Delegada comercial<\/p>\n<p>[\/vc_column_text][vc_empty_space height=&#8221;20px&#8221;][\/vc_column_inner][\/vc_row_inner][vc_row_inner overlap=&#8221;top&#8221; overlap_distance=&#8221;80px&#8221; overlap_index=&#8221;50&#8243;][vc_column_inner width=&#8221;1\/3&#8243; background_color=&#8221;#ffffff&#8221;][vc_empty_space][vc_single_image image=&#8221;9647&#8243;][vc_empty_space][vc_custom_heading text=&#8221;Erik&#8221; font_container=&#8221;tag:p|font_size:28%20px|text_align:center|line_height:10%20px&#8221;][vc_column_text]<\/p>\n<p style=\"text-align: center;\">Administraci\u00f3<\/p>\n<p>[\/vc_column_text][vc_empty_space height=&#8221;20px&#8221;][\/vc_column_inner][vc_column_inner width=&#8221;1\/3&#8243; background_color=&#8221;#ffffff&#8221;][vc_empty_space][vc_single_image image=&#8221;9728&#8243;][vc_empty_space][vc_custom_heading text=&#8221;Melania&#8221; font_container=&#8221;tag:p|font_size:28%20px|text_align:center|line_height:10%20px&#8221;][vc_column_text]<\/p>\n<p style=\"text-align: center;\">T\u00e8cnic<\/p>\n<p>[\/vc_column_text][vc_empty_space height=&#8221;20px&#8221;][\/vc_column_inner][vc_column_inner width=&#8221;1\/3&#8243; background_color=&#8221;#ffffff&#8221;][vc_empty_space][vc_single_image image=&#8221;9730&#8243;][vc_empty_space][vc_custom_heading text=&#8221;Nico&#8221; font_container=&#8221;tag:p|font_size:28%20px|text_align:center|line_height:10%20px&#8221;][vc_column_text]<\/p>\n<p style=\"text-align: center;\">T\u00e8cnic<\/p>\n<p>[\/vc_column_text][vc_empty_space height=&#8221;20px&#8221;][\/vc_column_inner][\/vc_row_inner][vc_row_inner overlap=&#8221;top&#8221; overlap_distance=&#8221;80px&#8221; overlap_index=&#8221;50&#8243;][vc_column_inner width=&#8221;1\/3&#8243; background_color=&#8221;#ffffff&#8221;][vc_empty_space][vc_single_image image=&#8221;9661&#8243;][vc_empty_space][vc_custom_heading text=&#8221;Marc&#8221; font_container=&#8221;tag:p|font_size:28%20px|text_align:center|line_height:10%20px&#8221;][vc_column_text]<\/p>\n<p style=\"text-align: center;\">T\u00e8cnic<\/p>\n<p>[\/vc_column_text][vc_empty_space height=&#8221;20px&#8221;][\/vc_column_inner][vc_column_inner width=&#8221;1\/3&#8243; background_color=&#8221;#ffffff&#8221;][vc_empty_space][vc_single_image image=&#8221;9659&#8243;][vc_empty_space][vc_custom_heading text=&#8221;Alex&#8221; font_container=&#8221;tag:p|font_size:28%20px|text_align:center|line_height:10%20px&#8221;][vc_column_text]<\/p>\n<p style=\"text-align: center;\">T\u00e8cnic<\/p>\n<p>[\/vc_column_text][vc_empty_space height=&#8221;20px&#8221;][\/vc_column_inner][vc_column_inner width=&#8221;1\/3&#8243; background_color=&#8221;#ffffff&#8221;][vc_empty_space][vc_single_image image=&#8221;9732&#8243;][vc_empty_space][vc_custom_heading text=&#8221;Ra\u00fal&#8221; font_container=&#8221;tag:p|font_size:28%20px|text_align:center|line_height:10%20px&#8221;][vc_column_text]<\/p>\n<p style=\"text-align: center;\">T\u00e8cnic<\/p>\n<p>[\/vc_column_text][vc_empty_space height=&#8221;20px&#8221;][\/vc_column_inner][\/vc_row_inner][vc_row_inner overlap=&#8221;top&#8221; overlap_distance=&#8221;80px&#8221; overlap_index=&#8221;50&#8243;][vc_column_inner width=&#8221;1\/3&#8243; background_color=&#8221;#ffffff&#8221;][vc_empty_space][vc_single_image image=&#8221;9645&#8243;][vc_empty_space][vc_custom_heading text=&#8221;Ana&#8221; font_container=&#8221;tag:p|font_size:28%20px|text_align:center|line_height:10%20px&#8221;][vc_column_text]<\/p>\n<p style=\"text-align: center;\">Magatzem<\/p>\n<p>[\/vc_column_text][vc_empty_space height=&#8221;20px&#8221;][\/vc_column_inner][\/vc_row_inner][vc_empty_space][\/vc_column][\/vc_row][vc_row][vc_column][vc_column_text]<\/p>\n<p>[\/vc_column_text][\/vc_column][\/vc_row][vc_row][vc_column][wyde_heading title=&#8221;El nostre equip, el nostre valor&#8221; subheading=&#8221;PERSONES QUE CUIDEN DE TU&#8221;][vc_empty_space height=&#8221;20px&#8221;][vc_column_text]<\/p>\n<p style=\"text-align: center;\">Creiem en el treball en equip, en la professionalitat i en la connexi\u00f3 humana, perqu\u00e8 s\u00f3n les persones les que fan possible que cada experi\u00e8ncia Bluenatur sigui aut\u00e8ntica, coherent i plena de valor.<\/p>\n<p>[\/vc_column_text][\/vc_column][\/vc_row][vc_row][vc_column][vc_column_text]<\/p>\n<p>[\/vc_column_text][\/vc_column][\/vc_row]<\/p>\n<\/div>","protected":false},"excerpt":{"rendered":"<p>[vc_row css=&#8221;.vc_custom_1473356174303{padding-top: 40px !important;}&#8221;][vc_column width=&#8221;1\/4&#8243;][\/vc_column][vc_column width=&#8221;1\/2&#8243;][vc_custom_heading text=&#8221;El nostre equip \u00e9s l\u00b4\u00e0nima de Bluenatur. Persones compromeses, properes i apassionades pel benestar, que comparteixen una mateixa manera d&#8217;entendre la cura natural i l&#8217;atenci\u00f3 al detall.&#8221; font_container=&#8221;tag:p|font_size:22px|text_align:center|line_height:36px&#8221; google_fonts=&#8221;font_family:Lato%3A100%2C100italic%2C300%2C300italic%2Cregular%2Citalic%2C700%2C700italic%2C900%2C900italic|font_style:300%20light%20regular%3A300%3Anormal&#8221;][vc_custom_heading text=&#8221;Creiem en el treball en equip, en la professionalitat i en la connexi\u00f3 humana, perqu\u00e8 s\u00f3n les persones les que [&hellip;]<\/p>\n","protected":false},"author":5,"featured_media":0,"parent":0,"menu_order":0,"comment_status":"closed","ping_status":"closed","template":"","meta":{"footnotes":""},"class_list":["post-9753","page","type-page","status-publish","hentry"],"jetpack_sharing_enabled":true,"_links":{"self":[{"href":"https:\/\/www.bluenatur.com\/ca\/wp-json\/wp\/v2\/pages\/9753","targetHints":{"allow":["GET"]}}],"collection":[{"href":"https:\/\/www.bluenatur.com\/ca\/wp-json\/wp\/v2\/pages"}],"about":[{"href":"https:\/\/www.bluenatur.com\/ca\/wp-json\/wp\/v2\/types\/page"}],"author":[{"embeddable":true,"href":"https:\/\/www.bluenatur.com\/ca\/wp-json\/wp\/v2\/users\/5"}],"replies":[{"embeddable":true,"href":"https:\/\/www.bluenatur.com\/ca\/wp-json\/wp\/v2\/comments?post=9753"}],"version-history":[{"count":9,"href":"https:\/\/www.bluenatur.com\/ca\/wp-json\/wp\/v2\/pages\/9753\/revisions"}],"predecessor-version":[{"id":9970,"href":"https:\/\/www.bluenatur.com\/ca\/wp-json\/wp\/v2\/pages\/9753\/revisions\/9970"}],"wp:attachment":[{"href":"https:\/\/www.bluenatur.com\/ca\/wp-json\/wp\/v2\/media?parent=9753"}],"curies":[{"name":"wp","href":"https:\/\/api.w.org\/{rel}","templated":true}]}}