{"id":7910,"date":"2018-06-19T16:32:50","date_gmt":"2018-06-19T16:32:50","guid":{"rendered":"https:\/\/www.bluenatur.com\/ca\/politica-cookies\/"},"modified":"2022-05-24T08:22:02","modified_gmt":"2022-05-24T06:22:02","slug":"politica-cookies","status":"publish","type":"page","link":"https:\/\/www.bluenatur.com\/ca\/politica-cookies\/","title":{"rendered":"Politica de cookies"},"content":{"rendered":"<div class=\"wpb-content-wrapper\"><p>[vc_row][vc_column][wyde_heading style=&#8221;2&#8243; title=&#8221;Politica de cookies&#8221; subheading=&#8221;BLUENATUR&#8221;][vc_empty_space height=&#8221;40px&#8221;][vc_column_text]<\/p>\n<p style=\"text-align: justify;\">Una Cookie \u00e9s un fitxer que es descarrega en el seu ordinador quan accedeix a determinades p\u00e0gines web. Les galetes permeten una p\u00e0gina web, entre altres coses, guardar i recuperar informaci\u00f3 sobre els h\u00e0bits de navegaci\u00f3 d&#8217;un usuari o del seu equip i, depenent de la informaci\u00f3 que contingui i de la forma en qu\u00e8 s&#8217;utilitza el seu equip, es poden utilitzar per recon\u00e8ixer al usuari.<\/p>\n<p style=\"text-align: justify;\">Les cookies s\u00f3n essencials per al funcionament d&#8217;internet, aportant innombrables avantatges en la prestaci\u00f3 de serveis interactius, facilitant la navegaci\u00f3 i usabilitat de la nostra web.<\/p>\n<p style=\"text-align: justify;\">La informaci\u00f3 que li proporcionem a continuaci\u00f3, l&#8217;ajudar\u00e0 a comprendre els diferents tipus de galetes:<\/p>\n<p>[\/vc_column_text][vc_empty_space height=&#8221;40px&#8221;][wyde_heading style=&#8221;2&#8243; subheading=&#8221;SEGONS L&#8217;ENTITAT QUE LES GESTIONI&#8221;][vc_empty_space height=&#8221;40px&#8221;][vc_column_text]<\/p>\n<ul>\n<li style=\"text-align: justify;\"><strong>Cookies propies:<\/strong> S\u00f3n aquelles que es recapten pel mateix editor per prestar el servei sol\u00b7licitat per l&#8217;usuari.<\/li>\n<li style=\"text-align: justify;\"><strong>Cookies de tercer:<\/strong> S\u00f3n aquelles que s\u00f3n recollides i gestionades per un tercer, aquestes no es poden considerar pr\u00f2pies.<\/li>\n<\/ul>\n<p>[\/vc_column_text][vc_empty_space height=&#8221;40px&#8221;][wyde_heading style=&#8221;2&#8243; subheading=&#8221;SEGONS EL TERMINI DE TEMPS QUE ROMANGUIN ACTIVADES&#8221;][vc_empty_space height=&#8221;40px&#8221;][vc_column_text]<\/p>\n<ul>\n<li style=\"text-align: justify;\"><strong>Cookies de sessio\u0301:<\/strong> Recullen dades mentre l&#8217;usuari navega per la xarxa amb la finalitat de prestar el servei sol\u00b7licitat.<\/li>\n<li style=\"text-align: justify;\"><strong>Cookies persistents:<\/strong> S&#8217;emmagatzemen en el terminal i la informaci\u00f3 obtinguda, ser\u00e0 utilitzada pel responsable de la galeta amb la finalitat de prestar el servei sol\u00b7licitat.<\/li>\n<\/ul>\n<p>[\/vc_column_text][vc_empty_space height=&#8221;40px&#8221;][wyde_heading style=&#8221;2&#8243; subheading=&#8221;SEGONS LA FINALITAT&#8221;][vc_empty_space height=&#8221;40px&#8221;][vc_column_text]<\/p>\n<ul>\n<li style=\"text-align: justify;\"><strong>Cookies t\u00e8cniques:<\/strong> S\u00f3n les necess\u00e0ries per a la correcta navegaci\u00f3 per la web.<\/li>\n<li style=\"text-align: justify;\"><strong>Cookies de personalitzaci\u00f3:<\/strong> Permeten a l&#8217;usuari les caracter\u00edstiques (idioma) per a la navegaci\u00f3 per la web.<\/li>\n<li style=\"text-align: justify;\"><strong>Cookies d&#8217;an\u00e0lisi:<\/strong> Permeten al prestador l&#8217;an\u00e0lisi vinculat a la navegaci\u00f3 realitzada per l&#8217;usuari, amb la finalitat de dur un seguiment d&#8217;\u00fas de la p\u00e0gina web, aix\u00ed com realitzar estad\u00edstiques dels continguts m\u00e9s visitats, nombre de visitants, etc.<\/li>\n<li style=\"text-align: justify;\"><strong>Cookies publicit\u00e0ries:<\/strong> Permeten a l&#8217;editor incloure a la web, espais publicitaris, segons el contingut de la pr\u00f2pia web.<\/li>\n<li style=\"text-align: justify;\"><strong>Cookies de publicitat comportamental:<\/strong> Permeten a l&#8217;editor incloure a la p\u00e0gina web espais publicitaris segons la informaci\u00f3 obtinguda a trav\u00e9s dels h\u00e0bits de navegaci\u00f3 de l&#8217;usuari.<\/li>\n<\/ul>\n<p>[\/vc_column_text][vc_empty_space height=&#8221;40px&#8221;][vc_column_text]<\/p>\n<p style=\"text-align: justify;\">Segons el que disposa l&#8217;article 22.2 de la Llei 34\/2002, de 11 de juliol, de Serveis de la Societat de la Informaci\u00f3 i de Comer\u00e7 Electr\u00f2nic (LSSI-CE), BLUENATUR &amp; SH FACILITY SERVICES SL informa de les cookies utilitzades en la nostra website:<\/p>\n<ul>\n<li><strong>Cookies t\u00e8cniques:<\/strong> Cookies propies, Cookies de sesi\u00f3n, Cookies persistents<\/li>\n<li><strong>Cookies d&#8217;an\u00e0lisis:<\/strong> Cookies propies, Cookies persistents<\/li>\n<\/ul>\n<p>Pots deshabilitar l&#8217;\u00fas de cookies quan consideris oport\u00fa a trav\u00e9s de les opcions de configuraci\u00f3\/ajusti del teu navegador, de tal forma que pots bloquejar, restringir, deshabilitar o esborrar l&#8217;acceptaci\u00f3 de cookies. No obstant aix\u00f2, et recordem que, en el cas que decideixis canviar la configuraci\u00f3 de les cookies, el servei prestat a trav\u00e9s del website podria veure&#8217;s afectat parcial o totalment.<\/p>\n<p>T&#8217;informem que tens la possibilitat de configurar el teu navegador de manera que se t&#8217;informi de la recepci\u00f3 de cookies, podent, si aix\u00ed ho desitges, impedir que siguin instal\u00b7lades en el teu disc dur.<\/p>\n<p>A continuaci\u00f3, et proporcionem els enlla\u00e7os de diversos navegadors, a trav\u00e9s dels quals pots realitzar aquesta configuraci\u00f3:<\/p>\n<ul>\n<li>Firefox desde <a href=\"http:\/\/support.mozilla.org\/es\/kb\/habilitar-y-deshabilitar-cookies-que-los-sitios-we\">aqu\u00ed<\/a>.<\/li>\n<li>Chrome desde <a href=\"http:\/\/support.google.com\/chrome\/bin\/answer.py?hl=es&amp;answer=95647\">aqu\u00ed<\/a>.<\/li>\n<li>Explorer desde <a href=\"http:\/\/windows.microsoft.com\/es-es\/internet-explorer\/delete-manage-cookies#ie=ie-10\">aqu\u00ed<\/a>.<\/li>\n<li>Safari desde <a href=\"https:\/\/support.apple.com\/kb\/ph17191?locale=es_ES\">aqu\u00ed<\/a>.<\/li>\n<li>Opera desde <a href=\"http:\/\/help.opera.com\/Windows\/11.50\/es-ES\/cookies.html\">aqu\u00ed<\/a>.<\/li>\n<\/ul>\n<p><strong>Utilitzem cookies de Google Analytics:<\/strong><\/p>\n<p><strong>Anal\u00edtica<\/strong><\/p>\n<p>De manera an\u00f2nima mesurem l&#8217;\u00fas del lloc web per a millorar la teva experi\u00e8ncia d&#8217;usuari mitjan\u00e7ant l&#8217;eina Google\u00a0Analytics.<\/p>\n<p><strong>Google Analytics<\/strong><\/p>\n<p>Emmagatzema cookies per a poder elaborar estad\u00edstiques sobre el tr\u00e0nsit i volum de visites d&#8217;aquesta web. En utilitzar aquest lloc web est\u00e0s consentint el tractament d&#8217;informaci\u00f3 sobre tu per Google. Per tant, l&#8217;exercici de qualsevol dret en aquest sentit haur\u00e0s de fer-lo comunicant directament amb Google.<\/p>\n<p>Les cookies de Google\u00a0Analytics, s&#8217;emmagatzemen en servidors situats als Estats Units i es comprometen a no compartir-la amb tercers, excepte en els casos en els quals sigui necessari per al funcionament del sistema o quan la llei obligui a aquest efecte. Segons Google no guarda la teva adre\u00e7a IP.<\/p>\n<p>Google Inc. \u00e9s una companyia adherida a \u201cPrivacy\u00a0Shiels\u201d\u00a0(escut de privacitat) que garanteix que totes les dades transferides seran tractats amb un nivell de protecci\u00f3 concorde a la normativa europea.<\/p>\n<p>Pots consultar informaci\u00f3 detallada referent a aix\u00f2 a trav\u00e9s del seg\u00fcent enlla\u00e7.<\/p>\n<p>Si ho desitges pots utilitzar el Complement d&#8217;inhabilitaci\u00f3 per a navegadors de Google\u00a0Analytics\u00a0a trav\u00e9s de les instruccions dels quals poden rebutjar-se les cookies anal\u00edtiques d&#8217;aquest servei en tots els navegadors.<\/p>\n<p>Pots consultar m\u00e9s informaci\u00f3 sobre aquest tema en el seg\u00fcent <a href=\"https:\/\/tools.google.com\/dlpage\/gaoptout\">enlla\u00e7<\/a>.[\/vc_column_text][\/vc_column][\/vc_row]<\/p>\n<\/div>","protected":false},"excerpt":{"rendered":"<p>[vc_row][vc_column][wyde_heading style=&#8221;2&#8243; title=&#8221;Politica de cookies&#8221; subheading=&#8221;BLUENATUR&#8221;][vc_empty_space height=&#8221;40px&#8221;][vc_column_text] Una Cookie \u00e9s un fitxer que es descarrega en el seu ordinador quan accedeix a determinades p\u00e0gines web. Les galetes permeten una p\u00e0gina web, entre altres coses, guardar i recuperar informaci\u00f3 sobre els h\u00e0bits de navegaci\u00f3 d&#8217;un usuari o del seu equip i, depenent de la informaci\u00f3 que [&hellip;]<\/p>\n","protected":false},"author":1,"featured_media":0,"parent":0,"menu_order":0,"comment_status":"closed","ping_status":"closed","template":"","meta":{"footnotes":""},"class_list":["post-7910","page","type-page","status-publish","hentry"],"jetpack_sharing_enabled":true,"_links":{"self":[{"href":"https:\/\/www.bluenatur.com\/ca\/wp-json\/wp\/v2\/pages\/7910","targetHints":{"allow":["GET"]}}],"collection":[{"href":"https:\/\/www.bluenatur.com\/ca\/wp-json\/wp\/v2\/pages"}],"about":[{"href":"https:\/\/www.bluenatur.com\/ca\/wp-json\/wp\/v2\/types\/page"}],"author":[{"embeddable":true,"href":"https:\/\/www.bluenatur.com\/ca\/wp-json\/wp\/v2\/users\/1"}],"replies":[{"embeddable":true,"href":"https:\/\/www.bluenatur.com\/ca\/wp-json\/wp\/v2\/comments?post=7910"}],"version-history":[{"count":13,"href":"https:\/\/www.bluenatur.com\/ca\/wp-json\/wp\/v2\/pages\/7910\/revisions"}],"predecessor-version":[{"id":9123,"href":"https:\/\/www.bluenatur.com\/ca\/wp-json\/wp\/v2\/pages\/7910\/revisions\/9123"}],"wp:attachment":[{"href":"https:\/\/www.bluenatur.com\/ca\/wp-json\/wp\/v2\/media?parent=7910"}],"curies":[{"name":"wp","href":"https:\/\/api.w.org\/{rel}","templated":true}]}}