{"id":7769,"date":"2018-01-23T11:11:47","date_gmt":"2018-01-23T11:11:47","guid":{"rendered":"https:\/\/www.bluenatur.com\/ca\/como-nos-ponemos-en-marcha\/"},"modified":"2026-01-07T19:10:36","modified_gmt":"2026-01-07T17:10:36","slug":"com-ens-posem-en-marxa","status":"publish","type":"page","link":"https:\/\/www.bluenatur.com\/ca\/com-ens-posem-en-marxa\/","title":{"rendered":"Com ens posem en marxa?"},"content":{"rendered":"<div class=\"wpb-content-wrapper\"><p>[vc_row css=&#8221;.vc_custom_1473356174303{padding-top: 40px !important;}&#8221;][vc_column width=&#8221;1\/4&#8243;][\/vc_column][vc_column width=&#8221;1\/2&#8243;][vc_custom_heading text=&#8221;La prioritat de Bluenatur \u00e9s oferir un servei t\u00e8cnic \u00f2ptim a cada client.<br \/>\nPer aix\u00f2 els nostres t\u00e8cnics s&#8217;ocupen de tot: Instal\u00b7laci\u00f3, manteniment i configuraci\u00f3 de cada dispositiu. D&#8217;aquesta manera aconseguim l&#8217;equilibri perfecte pel que fa a intensitat de la frag\u00e0ncia.&#8221; font_container=&#8221;tag:p|font_size:22px|text_align:center|line_height:36px&#8221; google_fonts=&#8221;font_family:Lato%3A100%2C100italic%2C300%2C300italic%2Cregular%2Citalic%2C700%2C700italic%2C900%2C900italic|font_style:300%20light%20regular%3A300%3Anormal&#8221;][\/vc_column][vc_column width=&#8221;1\/4&#8243;][\/vc_column][\/vc_row][vc_row background_color=&#8221;#f9f9f9&#8243;][vc_column][vc_row_inner][vc_column_inner width=&#8221;1\/3&#8243;][wyde_icon_block icon_set=&#8221;simple_line&#8221; size=&#8221;large&#8221; style=&#8221;none&#8221; icon_simple_line=&#8221;sl-envelope&#8221; color=&#8221;#3b6299&#8243;][wyde_heading text_align=&#8221;left&#8221; title=&#8221;Contacta&#8221;][vc_column_text css=&#8221;.vc_custom_1517221206184{padding-top: 20px !important;}&#8221;]<\/p>\n<p style=\"text-align: left;\">Per e-mail o per tel\u00e8fon.<\/p>\n<p style=\"text-align: left;\">Un dels nostres comercials el visitar\u00e0 per con\u00e8ixer la seva empresa, l&#8217;espai a aromatitzar i els valors que vol transmetre a trav\u00e9s de la frag\u00e0ncia.<\/p>\n<p style=\"text-align: left;\">Li mostrar\u00e0 el nostre gran assortiment d&#8217;aromes; faran un tast olfactiu en aquell mateix instant i tamb\u00e9 li oferir\u00e0 la possibilitat de crear una frag\u00e0ncia \u00fanica personalitzada (Logo Olfactiu).<\/p>\n<p>[\/vc_column_text][\/vc_column_inner][vc_column_inner width=&#8221;1\/3&#8243;][wyde_icon_block icon_set=&#8221;simple_line&#8221; size=&#8221;large&#8221; style=&#8221;none&#8221; icon_simple_line=&#8221;sl-chemistry&#8221; color=&#8221;#3b6299&#8243;][wyde_heading text_align=&#8221;left&#8221; title=&#8221;Prova&#8221;][vc_column_text css=&#8221;.vc_custom_1517221239950{padding-top: 20px !important;}&#8221;]Pot sol\u00b7licitar una prova gratu\u00efta de qualsevol de les nostres frag\u00e0ncies per provar durant una setmana sense cap comprom\u00eds.[\/vc_column_text][\/vc_column_inner][vc_column_inner width=&#8221;1\/3&#8243;][wyde_icon_block icon_set=&#8221;simple_line&#8221; size=&#8221;large&#8221; style=&#8221;none&#8221; icon_simple_line=&#8221;sl-note&#8221; color=&#8221;#3b6299&#8243;][wyde_heading text_align=&#8221;left&#8221; title=&#8221;Contracta&#8221;][vc_column_text css=&#8221;.vc_custom_1653374703020{padding-top: 20px !important;}&#8221;]El conven\u00e7? Si li agrada, contracta&#8217;ns! Ens ocupem de tot.<\/p>\n<p>Li deixem els dispositius en dip\u00f2sit (sense que hagi d&#8217;adquirir-los) i un t\u00e8cnic de <strong>Bluenatur<\/strong> el visitar\u00e0 peri\u00f2dicament per assegurar-se que funcionin perfectament i no els falti ess\u00e8ncia.<\/p>\n<p>Vost\u00e8 nom\u00e9s abona un petit import mensual que inclou: instal\u00b7laci\u00f3 del dispositiu, dispositius, ess\u00e8ncia consumida, revisions mensuals.<\/p>\n<p>Ens adaptem a tots els espais i necessitats. Demani pressupost sense comprom\u00eds.[\/vc_column_text][\/vc_column_inner][\/vc_row_inner][\/vc_column][\/vc_row][vc_row row_style=&#8221;full-width&#8221; equal_height=&#8221;true&#8221; vertical_align=&#8221;middle&#8221; padding_size=&#8221;no-padding&#8221; background_color=&#8221;#2f496a&#8221;][vc_column text_align=&#8221;center&#8221; padding_size=&#8221;l-padding&#8221; width=&#8221;1\/2&#8243;][vc_empty_space height=&#8221;20px&#8221;][vc_custom_heading text=&#8221;Quin \u00e9s l&#8217;espai que desitges aromatitzar?&#8221; font_container=&#8221;tag:h2|text_align:center|color:%23ffffff&#8221; google_fonts=&#8221;font_family:Playfair%20Display%3Aregular%2Citalic%2C700%2C700italic%2C900%2C900italic|font_style:700%20bold%20regular%3A700%3Anormal&#8221;][wyde_separator text_align=&#8221;center&#8221; color=&#8221;#ffffff&#8221;][vc_column_text]<span style=\"color: #ffffff;\">Els nostres professionals et visitaran i t\u2019assessoraran sense cap comprom\u00eds per trobar l\u2019aromatitzaci\u00f3 perfecta per la teva empresa.<\/span>[\/vc_column_text][vc_empty_space height=&#8221;40px&#8221;][wyde_link_button icon_set=&#8221;simple_line&#8221; style=&#8221;outline&#8221; size=&#8221;large&#8221; icon_simple_line=&#8221;sl-mouse&#8221; title=&#8221;Contacta amb nosaltres&#8221; link=&#8221;url:https%3A%2F%2Fwww.bluenatur.com%2Fca%2Fcontactebarcelona%2F||&#8221; color=&#8221;#ffffff&#8221; hover_color=&#8221;#000000&#8243;][vc_empty_space height=&#8221;20px&#8221;][\/vc_column][vc_column padding_size=&#8221;no-padding&#8221; background_style=&#8221;cover&#8221; background_position=&#8221;right top&#8221; width=&#8221;1\/2&#8243; bg_image_url=&#8221;http:\/\/santaelisabet.com\/1sites\/ambinatur\/wp-content\/uploads\/2016\/06\/atencionalclienteambinatur-150&#215;150.jpg&#8221; background_image=&#8221;6638&#8243;][vc_empty_space height=&#8221;400px&#8221;][\/vc_column][\/vc_row][vc_row][vc_column][wyde_clients_carousel image_size=&#8221;full&#8221; visible_items=&#8221;5&#8243; show_pagination=&#8221;true&#8221; auto_play=&#8221;true&#8221; images=&#8221;7808,8148,8142,9571,9574,9595,9581,9577,9579,9592,9590,9588,9586,9584,9605&#8243;][vc_empty_space height=&#8221;40px&#8221;][\/vc_column][\/vc_row][vc_row][vc_column][vc_column_text]<\/p>\n<p>[\/vc_column_text][\/vc_column][\/vc_row]<\/p>\n<\/div>","protected":false},"excerpt":{"rendered":"<p>[vc_row css=&#8221;.vc_custom_1473356174303{padding-top: 40px !important;}&#8221;][vc_column width=&#8221;1\/4&#8243;][\/vc_column][vc_column width=&#8221;1\/2&#8243;][vc_custom_heading text=&#8221;La prioritat de Bluenatur \u00e9s oferir un servei t\u00e8cnic \u00f2ptim a cada client. Per aix\u00f2 els nostres t\u00e8cnics s&#8217;ocupen de tot: Instal\u00b7laci\u00f3, manteniment i configuraci\u00f3 de cada dispositiu. D&#8217;aquesta manera aconseguim l&#8217;equilibri perfecte pel que fa a intensitat de la frag\u00e0ncia.&#8221; font_container=&#8221;tag:p|font_size:22px|text_align:center|line_height:36px&#8221; google_fonts=&#8221;font_family:Lato%3A100%2C100italic%2C300%2C300italic%2Cregular%2Citalic%2C700%2C700italic%2C900%2C900italic|font_style:300%20light%20regular%3A300%3Anormal&#8221;][\/vc_column][vc_column width=&#8221;1\/4&#8243;][\/vc_column][\/vc_row][vc_row background_color=&#8221;#f9f9f9&#8243;][vc_column][vc_row_inner][vc_column_inner width=&#8221;1\/3&#8243;][wyde_icon_block icon_set=&#8221;simple_line&#8221; size=&#8221;large&#8221; style=&#8221;none&#8221; [&hellip;]<\/p>\n","protected":false},"author":1,"featured_media":0,"parent":0,"menu_order":0,"comment_status":"closed","ping_status":"closed","template":"","meta":{"footnotes":""},"class_list":["post-7769","page","type-page","status-publish","hentry"],"jetpack_sharing_enabled":true,"_links":{"self":[{"href":"https:\/\/www.bluenatur.com\/ca\/wp-json\/wp\/v2\/pages\/7769","targetHints":{"allow":["GET"]}}],"collection":[{"href":"https:\/\/www.bluenatur.com\/ca\/wp-json\/wp\/v2\/pages"}],"about":[{"href":"https:\/\/www.bluenatur.com\/ca\/wp-json\/wp\/v2\/types\/page"}],"author":[{"embeddable":true,"href":"https:\/\/www.bluenatur.com\/ca\/wp-json\/wp\/v2\/users\/1"}],"replies":[{"embeddable":true,"href":"https:\/\/www.bluenatur.com\/ca\/wp-json\/wp\/v2\/comments?post=7769"}],"version-history":[{"count":17,"href":"https:\/\/www.bluenatur.com\/ca\/wp-json\/wp\/v2\/pages\/7769\/revisions"}],"predecessor-version":[{"id":9751,"href":"https:\/\/www.bluenatur.com\/ca\/wp-json\/wp\/v2\/pages\/7769\/revisions\/9751"}],"wp:attachment":[{"href":"https:\/\/www.bluenatur.com\/ca\/wp-json\/wp\/v2\/media?parent=7769"}],"curies":[{"name":"wp","href":"https:\/\/api.w.org\/{rel}","templated":true}]}}