{"id":7362,"date":"2017-09-20T11:08:39","date_gmt":"2017-09-20T11:08:39","guid":{"rendered":"http:\/\/www.bluenatur.com\/ca\/politicadeprivacidad\/"},"modified":"2023-04-24T19:34:48","modified_gmt":"2023-04-24T17:34:48","slug":"politicadeprivacitat-xarxessocials","status":"publish","type":"page","link":"https:\/\/www.bluenatur.com\/ca\/politicadeprivacitat-xarxessocials\/","title":{"rendered":"Politica de privacitat xarxes socials"},"content":{"rendered":"<div class=\"wpb-content-wrapper\"><p>[vc_row][vc_column][wyde_heading style=&#8221;2&#8243; title=&#8221;Politica de privacitat xarxes socials&#8221; subheading=&#8221;BLUENATUR&#8221;][vc_empty_space height=&#8221;40px&#8221;][vc_column_text]<\/p>\n<p style=\"text-align: justify;\">De conformitat amb el que estableix la normativa vigent en Protecci\u00f3 de Dades de Car\u00e0cter Personal i la Llei 34\/2002, de 11 de juliol, de Serveis de la Societat de la Informaci\u00f3 i de Comer\u00e7 Electr\u00f2nic (LSSI-CE), BLUENATUR &amp; SH FACILITY SERVICES SL informa als usuaris, que ha procedit a crear un perfil a la \/ Xarxa \/ \u00e9s Social \/ \u00e9s Linkedin, amb la finalitat principal de publicitar els seus productes i serveis.<\/p>\n<p style=\"text-align: justify;\">Dades de BLUENATUR &amp; SH FACILITY SERVICES SL:<\/p>\n<ul>\n<li style=\"text-align: justify;\">CIF: B66665159<\/li>\n<li style=\"text-align: justify;\">DIRECCIO\u0301: C\/ de l&#8217;Esla, 22, Nave 11, 08223 Terrassa (BARCELONA)<\/li>\n<li>DOMINI WEB: Bluenatur.com<\/li>\n<\/ul>\n<p>L&#8217;usuari disposa d&#8217;un perfil a la mateixa Xarxa Social i ha decidit unir-se a la p\u00e0gina creada per BLUENATUR &amp; SH FACILITY SERVICES SL, mostrant aix\u00ed inter\u00e8s en la informaci\u00f3 que es publiciti a la Xarxa. En unir-se a la nostra p\u00e0gina, ens facilita el seu consentiment per al tractament d&#8217;aquelles dades personals publicades en el seu perfil.<\/p>\n<p style=\"text-align: justify;\">L&#8217;usuari pot accedir en tot moment a les pol\u00edtiques de privacitat de la pr\u00f2pia Xarxa Social, aix\u00ed com configurar el seu perfil per garantir la seva privacitat.<\/p>\n<p style=\"text-align: justify;\">BLUENATUR &amp; SH FACILITY SERVICES SL t\u00e9 acc\u00e9s i tracta la informaci\u00f3 p\u00fablica de l&#8217;usuari, especialment, el seu nom de contacte. Aquestes dades, nom\u00e9s s\u00f3n utilitzats dins de la pr\u00f2pia Xarxa Social. No s\u00f3n incorporades a cap fitxer.<\/p>\n<p style=\"text-align: justify;\">En relaci\u00f3 als drets d&#8217;acc\u00e9s, rectificaci\u00f3, cancel\u00b7laci\u00f3 i oposici\u00f3, dels quals vost\u00e8 disposa i que poden ser exercits davant BLUENATUR &amp; SH FACILITY SERVICES SL, d&#8217;acord amb la LOPD, ha de tenir en compte els seg\u00fcents matisos<\/p>\n<ul>\n<li style=\"text-align: justify;\">Acc\u00e9s: Vindr\u00e0 definit per la funcionalitat de la Xarxa Social i la capacitat d&#8217;acc\u00e9s a la informaci\u00f3 dels perfils dels usuaris.<\/li>\n<li style=\"text-align: justify;\">Rectificaci\u00f3: nom\u00e9s es satisfer-se en relaci\u00f3 a la informaci\u00f3 que es trobi sota el control de BLUENATUR &amp; SH FACILITY SERVICES SL, per exemple, eliminar comentaris publicats a la pr\u00f2pia p\u00e0gina. Normalment, aquest dret ha de exercir-lo davant la Xarxa Social.<\/li>\n<li style=\"text-align: justify;\">Cancel\u00b7laci\u00f3 i \/ o oposici\u00f3: Com en el cas anterior, nom\u00e9s podr\u00e0 satisfer-se en relaci\u00f3 a la informaci\u00f3 que es trobi sota el control de BLUENATUR &amp; SH FACILITY SERVICES SL, per exemple, deixar d&#8217;estar unit al perfil.<\/li>\n<\/ul>\n<p style=\"text-align: justify;\">BLUENATUR &amp; SH FACILITY SERVICES SL realitzar\u00e0 les seg\u00fcents actuacions:<\/p>\n<ul>\n<li style=\"text-align: justify;\">Acc\u00e9s a la informaci\u00f3 p\u00fablica del perfil.<\/li>\n<li style=\"text-align: justify;\">Publicaci\u00f3 en el perfil de l&#8217;usuari de tota aquella informaci\u00f3 ja publicada a la p\u00e0gina de BLUENATUR &amp; SH FACILITY SERVICES SL.<\/li>\n<li style=\"text-align: justify;\">Enviar missatges personals i individuals a trav\u00e9s dels canals de la Xarxa Social.<\/li>\n<li style=\"text-align: justify;\">Actualitzacions de l&#8217;estat de la p\u00e0gina que es publicaran en el perfil de l&#8217;usuari.<\/li>\n<\/ul>\n<p style=\"text-align: justify;\">L&#8217;usuari sempre pot controlar les seves connexions, eliminar els continguts que deixin d&#8217;interessar i restringir amb qui comparteix les seves connexions, per a aix\u00f2 haur\u00e0 d&#8217;accedir a la seva configuraci\u00f3 de privacitat.<\/p>\n<p>[\/vc_column_text][vc_empty_space height=&#8221;40px&#8221;][wyde_heading style=&#8221;2&#8243; subheading=&#8221;PUBLICACIONS&#8221;][vc_empty_space height=&#8221;40px&#8221;][vc_column_text]<\/p>\n<p style=\"text-align: justify;\">Un cop unit a la p\u00e0gina de Bluenatur.com podr\u00e0s publicar en aquesta \u00faltima comentaris, enlla\u00e7os, imatges o fotografies o qualsevol altre tipus de contingut multim\u00e8dia suportat per la Xarxa Social. En tots els casos, has de ser el titular d&#8217;aquests, gaudir dels drets d&#8217;autor i de propietat intel\u00b7lectual o comptar amb el consentiment dels tercers afectats.<\/p>\n<p style=\"text-align: justify;\">Es prohibeix expressament qualsevol publicaci\u00f3 en la p\u00e0gina, ja siguin textos, gr\u00e0fics, fotografies, v\u00eddeos, etc. que atemptin o siguin susceptibles d&#8217;atemptar contra la moral, l&#8217;\u00e8tica, el bon gust o el dec\u00f2rum, i\/o que infringeixin, violin o infringeixin els drets de propietat intel\u00b7lectual o industrial, el dret a la imatge o la Llei. En aquests casos,\u00a0Bluenatur\u00a0&amp;\u00a0SH\u00a0Facility\u00a0Services, S.L., es reserva el dret a retirar immediatament el contingut, podent sol\u00b7licitar el bloqueig permanent de l&#8217;usuari.<\/p>\n<p style=\"text-align: justify;\">Bluenatur\u00a0&amp;\u00a0SH\u00a0Facility\u00a0Services, S.L., no es far\u00e0 responsable dels continguts que lliurement ha publicat un usuari.<\/p>\n<p style=\"text-align: justify;\">Has de tenir present que les teves publicacions seran conegudes pels altres usuaris, per la qual cosa tu mateix ets el principal responsable de la teva privacitat.<\/p>\n<p style=\"text-align: justify;\">Les imatges que puguin publicar-se en la p\u00e0gina no seran emmagatzemades en cap fitxer per part de\u00a0Bluenatur\u00a0&amp;\u00a0SH\u00a0Facility\u00a0Services, S.L., per\u00f2 si que romandran en la Xarxa Social.<\/p>\n<p>[\/vc_column_text][vc_empty_space height=&#8221;40px&#8221;][wyde_heading style=&#8221;2&#8243; subheading=&#8221;CONCURSOS I PROMOCIONS&#8221;][vc_empty_space height=&#8221;40px&#8221;][vc_column_text]<\/p>\n<p style=\"text-align: justify;\">BLUENATUR &amp; SH FACILITY SERVICES SL es reserva el dret a realitzar concursos i promocions, en els quals podr\u00e0 participar l&#8217;usuari unit a la seva p\u00e0gina. Les bases de cada un d&#8217;ells, quan s&#8217;utilitzi per a aix\u00f2 la plataforma de la Xarxa Social, seran publicades a la mateixa. Complint sempre amb la LSSI-CE i amb qualsevol altra norma que li sigui d&#8217;aplicaci\u00f3.<\/p>\n<p style=\"text-align: justify;\">La Xarxa Social no patrocina, avala ni administra, de cap manera, cap de les nostres promocions, ni est\u00e0 associada a cap d&#8217;elles.<\/p>\n<p>[\/vc_column_text][vc_empty_space height=&#8221;40px&#8221;][wyde_heading style=&#8221;2&#8243; subheading=&#8221;PUBLICITAT&#8221;][vc_empty_space height=&#8221;40px&#8221;][vc_column_text]<\/p>\n<p style=\"text-align: justify;\">BLUENATUR &amp; SH FACILITY SERVICES SL utilitzar\u00e0 la Xarxa Social per publicitar els seus productes i serveis, en tot cas, si decideix tractar les seves dades de contacte per a realitzar accions directes de prospecci\u00f3 comercial, ser\u00e0 sempre, complint amb les exig\u00e8ncies legals de la LOPD i de la LSSI-CE.<\/p>\n<p style=\"text-align: justify;\">No es considera publicitat el fet de recomanar a altres usuaris la p\u00e0gina de BLUENATUR &amp; SH FACILITY SERVICES SL perqu\u00e8 tamb\u00e9 ells puguin gaudir de les promocions o estar informats de la seva activitat.<\/p>\n<p style=\"text-align: justify;\">A continuaci\u00f3 detallem l&#8217;enlla\u00e7 a la pol\u00edtica de privacitat de la Xarxa Social:<\/p>\n<ul>\n<li style=\"text-align: justify;\">Linkedin: <a href=\"http:\/\/www.linkedin.com\/legal\/privacy-policy?trk=hb_ft_priv\" target=\"_blank\" rel=\"noopener noreferrer\">http:\/\/www.linkedin.com\/legal\/privacy-policy?trk=hb_ft_priv<\/a><\/li>\n<li style=\"text-align: justify;\">Facebook: <a href=\"https:\/\/www.facebook.com\/help\/323540651073243\/\" target=\"_blank\" rel=\"noopener noreferrer\">https:\/\/www.facebook.com\/help\/323540651073243\/<\/a><\/li>\n<li style=\"text-align: justify;\">Instagram: <a href=\"http:\/\/instagram.com\/about\/legal\/privacy\/\" target=\"_blank\" rel=\"noopener noreferrer\">http:\/\/instagram.com\/about\/legal\/privacy\/<\/a><\/li>\n<li style=\"text-align: justify;\">Twitter\u00a0<a href=\"http:\/\/www.twitterenespanol.net\/privacy_policy.php\">http:\/\/www.twitterenespanol.net\/privacy_policy.php<\/a><\/li>\n<\/ul>\n<p>[\/vc_column_text][\/vc_column][\/vc_row]<\/p>\n<\/div>","protected":false},"excerpt":{"rendered":"<p>[vc_row][vc_column][wyde_heading style=&#8221;2&#8243; title=&#8221;Politica de privacitat xarxes socials&#8221; subheading=&#8221;BLUENATUR&#8221;][vc_empty_space height=&#8221;40px&#8221;][vc_column_text] De conformitat amb el que estableix la normativa vigent en Protecci\u00f3 de Dades de Car\u00e0cter Personal i la Llei 34\/2002, de 11 de juliol, de Serveis de la Societat de la Informaci\u00f3 i de Comer\u00e7 Electr\u00f2nic (LSSI-CE), BLUENATUR &amp; SH FACILITY SERVICES SL informa als usuaris, [&hellip;]<\/p>\n","protected":false},"author":1,"featured_media":0,"parent":0,"menu_order":0,"comment_status":"closed","ping_status":"closed","template":"","meta":{"footnotes":""},"class_list":["post-7362","page","type-page","status-publish","hentry"],"jetpack_sharing_enabled":true,"_links":{"self":[{"href":"https:\/\/www.bluenatur.com\/ca\/wp-json\/wp\/v2\/pages\/7362","targetHints":{"allow":["GET"]}}],"collection":[{"href":"https:\/\/www.bluenatur.com\/ca\/wp-json\/wp\/v2\/pages"}],"about":[{"href":"https:\/\/www.bluenatur.com\/ca\/wp-json\/wp\/v2\/types\/page"}],"author":[{"embeddable":true,"href":"https:\/\/www.bluenatur.com\/ca\/wp-json\/wp\/v2\/users\/1"}],"replies":[{"embeddable":true,"href":"https:\/\/www.bluenatur.com\/ca\/wp-json\/wp\/v2\/comments?post=7362"}],"version-history":[{"count":21,"href":"https:\/\/www.bluenatur.com\/ca\/wp-json\/wp\/v2\/pages\/7362\/revisions"}],"predecessor-version":[{"id":9262,"href":"https:\/\/www.bluenatur.com\/ca\/wp-json\/wp\/v2\/pages\/7362\/revisions\/9262"}],"wp:attachment":[{"href":"https:\/\/www.bluenatur.com\/ca\/wp-json\/wp\/v2\/media?parent=7362"}],"curies":[{"name":"wp","href":"https:\/\/api.w.org\/{rel}","templated":true}]}}