{"id":7348,"date":"2017-09-20T09:02:13","date_gmt":"2017-09-20T09:02:13","guid":{"rendered":"http:\/\/www.bluenatur.com\/ca\/avisolegal\/"},"modified":"2026-02-20T12:14:43","modified_gmt":"2026-02-20T10:14:43","slug":"condicions-us","status":"publish","type":"page","link":"https:\/\/www.bluenatur.com\/ca\/condicions-us\/","title":{"rendered":"Condicions d&#8217;\u00fas"},"content":{"rendered":"<div class=\"wpb-content-wrapper\"><p>[vc_row][vc_column][vc_empty_space height=&#8221;40px&#8221;][wyde_heading style=&#8221;2&#8243; title=&#8221;Condicions d&#8217;\u00fas&#8221; subheading=&#8221;BLUENATUR&#8221;][vc_empty_space height=&#8221;40px&#8221;][vc_column_text]<\/p>\n<p style=\"text-align: justify;\">En compliment de la Llei 34\/2002, de 11 de juliol, de Serveis de la Societat de la Informaci\u00f3 i de Comer\u00e7 Electr\u00f2nic (LSSI-CE), BLUENATUR &amp; SH FACILITY SERVICES SL informa que \u00e9s titular del lloc web www.bluenatur.com. D&#8217;acord amb l&#8217;exig\u00e8ncia de l&#8217;article 10 de l&#8217;esmentada Llei, BLUENATUR &amp; SH FACILITY SERVICES SL informa de les seg\u00fcents dades:<\/p>\n<p style=\"text-align: justify;\">El titular d&#8217;aquest lloc web \u00e9s BLUENATUR &amp; SH FACILITY SERVICES SL, amb CIF B66665159 i domicili social a C\/ de l&#8217;Esla, 22, Nave 11, 08223, Terrassa (BARCELONA), inscrita al Registre Mercantil, en el tom 45208, foli 87, full 480381, i inscripci\u00f3 1.<\/p>\n<p>[\/vc_column_text][vc_empty_space height=&#8221;40px&#8221;][wyde_heading style=&#8221;2&#8243; subheading=&#8221;USUARI I R\u00c8GIM DE RESPONSABILITATS&#8221;][vc_empty_space height=&#8221;40px&#8221;][vc_column_text]<\/p>\n<p style=\"text-align: justify;\">La navegaci\u00f3, acc\u00e9s i \u00fas pel lloc web deBLUENATUR &amp; SH FACILITY SERVICES SL confereix la condici\u00f3 d&#8217;usuari, per la que s&#8217;accepten, des de la navegaci\u00f3 pel lloc web de BLUENATUR &amp; SH FACILITY SERVICES SL, totes les condicions d&#8217;\u00fas aqu\u00ed establertes sense perjudici de l&#8217;aplicaci\u00f3 de la corresponent normativa d&#8217;obligat compliment legal segons el cas.<\/p>\n<p style=\"text-align: justify;\">El lloc web de BLUENATUR &amp; SH FACILITY SERVICES SL proporciona gran diversitat d&#8217;informaci\u00f3, serveis i dades. L&#8217;usuari assumeix la seva responsabilitat en l&#8217;\u00fas correcte del lloc web. Aquesta responsabilitat s&#8217;estendr\u00e0 a:<\/p>\n<ul>\n<li style=\"text-align: justify;\">La veracitat i licitud de les informacions aportades per l&#8217;usuari en els formularis facilitats per BLUENATUR &amp; SH FACILITY SERVICES SL per l&#8217;acc\u00e9s a determinats continguts o serveis oferts pel web.<\/li>\n<li style=\"text-align: justify;\">L&#8217;\u00fas de la informaci\u00f3, serveis i dades ofertes per BLUENATUR &amp; SH FACILITY SERVICES SL contr\u00e0riament a all\u00f2 disposat per les presents condicions, la Llei, la moral, els bons costums o l&#8217;ordre p\u00fablic, o que de qualsevol altre forma pugui suposar lesi\u00f3 dels drets de tercers o del mateix funcionament del lloc web.<\/li>\n<\/ul>\n<p>[\/vc_column_text][vc_empty_space height=&#8221;40px&#8221;][wyde_heading style=&#8221;2&#8243; subheading=&#8221;POL\u00cdTICA D&#8217;ENLLA\u00c7OS I EXTENSIONS DE RESPONSABILITAT&#8221;][vc_empty_space height=&#8221;40px&#8221;][vc_column_text]<\/p>\n<p style=\"text-align: justify;\">BLUENATUR &amp; SH FACILITY SERVICES SL no es fa responsable del contingut dels llocs web als quals l&#8217;usuari pugui accedir a trav\u00e9s dels enlla\u00e7os establerts en el seu lloc web i declara que en cap cas procedir\u00e0 a examinar o exercitar cap tipus de control sobre el contingut d&#8217;altres llocs de la xarxa. Aix\u00ed mateix, tampoc garantir\u00e0 la disponibilitat t\u00e8cnica, exactitud, veracitat, validesa o legalitat de llocs aliens a la seva propietat als quals es pugui accedir per mitj\u00e0 dels enlla\u00e7os.<\/p>\n<p style=\"text-align: justify;\">BLUENATUR &amp; SH FACILITY SERVICES SL declara haver adoptat totes les mesures necess\u00e0ries per evitar qualsevol dany als usuaris del seu lloc web, que poguessin derivar-se de la navegaci\u00f3 pel seu lloc web. En conseq\u00fc\u00e8ncia, BLUENATUR &amp; SH FACILITY SERVICES SL no es fa responsable, en cap cas, dels eventuals danys que per la navegaci\u00f3 per Internet pogu\u00e9s patir l&#8217;usuari.<\/p>\n<p>[\/vc_column_text][vc_empty_space height=&#8221;40px&#8221;][wyde_heading style=&#8221;2&#8243; subheading=&#8221;MODIFICACIONS&#8221;][vc_empty_space height=&#8221;40px&#8221;][vc_column_text]<\/p>\n<p style=\"text-align: justify;\">BLUENATUR &amp; SH FACILITY SERVICES SL es reserva el dret a realitzar les modificacions que consideri oportunes, sense av\u00eds previ, en el contingut del seu lloc web. Tant pel que fa als continguts del lloc web, com en les condicions d&#8217;\u00fas del mateix. Aquestes modificacions podran realitzar-se a trav\u00e9s del seu lloc web per qualsevol forma admissible en dret i seran d&#8217;obligat compliment durant el temps en qu\u00e8 es trobin publicades en la web i fins que no siguin modificades v\u00e0lidament per altres posteriors.<\/p>\n<p>[\/vc_column_text][wyde_heading style=&#8221;2&#8243; subheading=&#8221;PROTECCI\u00d3 DE DADES&#8221;][vc_empty_space height=&#8221;40px&#8221;][vc_column_text]De conformitat amb el que s&#8217;estableix en la normativa vigent en Protecci\u00f3 de Dades de Car\u00e0cter Personal, l&#8217;informem que les seves dades seran incorporades al sistema de tractament titularitat de Bluenatur &amp; SH Facility Services, S.L. amb CIF B66665159 i domicili social en C\/ de l&#8217;Esla, 22 Nave 11 \u2013 08223 Terrassa (Barcelona), amb la finalitat d&#8217;atendre les seves consultes i remetre-li comunicacions comercials que puguin ser del seu inter\u00e8s. En compliment amb la normativa vigent, Bluenatur &amp; SH Facility Services,S.L. informa que les dades seran conservades durant el termini estrictament necessari per a complir amb els preceptes esmentats amb anterioritat.<\/p>\n<p>Mentre no ens comuniqui el contrari, entendrem que les seves dades no han estat modificats, que vost\u00e8 es compromet a notificar-nos qualsevol variaci\u00f3 i que tenim el seu consentiment per a utilitzar-los per a les finalitats esmentades.<\/p>\n<p>Bluenatur\u00a0&amp;\u00a0SH\u00a0Facility\u00a0Services, S.L informa que procedir\u00e0 a tractar les dades de manera l\u00edcita, lleial, transparent, adequada, pertinent, limitada, exacta i actualitzada. \u00c9s per aix\u00f2 que\u00a0Bluenatur\u00a0&amp;\u00a0SH\u00a0Facility\u00a0Services, S.L, S.L. es compromet a adoptar totes les mesures raonables perqu\u00e8 aquests se suprimeixin o rectifiquin sense dilaci\u00f3 quan siguin inexactes.<\/p>\n<p>D&#8217;acord amb els drets que li confereix a la normativa vigent en protecci\u00f3 de dades podr\u00e0 exercir els drets d&#8217;acc\u00e9s, rectificaci\u00f3, limitaci\u00f3 de tractament, supressi\u00f3, portabilitat i oposici\u00f3 al tractament de les seves dades de car\u00e0cter personal, aix\u00ed com del consentiment prestat per al tractament d&#8217;aquests, dirigint la seva petici\u00f3 a l&#8217;adre\u00e7a postal indicada m\u00e9s amunt o al correu electr\u00f2nic bluenatur@bluenatur.com.<\/p>\n<p>Aix\u00ed mateix, i d&#8217;acord amb el que s&#8217;estableix en la Llei 34\/2002, d&#8217;11 de juliol, de Serveis de la Societat de la Informaci\u00f3 i de Comer\u00e7 Electr\u00f2nic, en el seu article 21, sol\u00b7licitem tamb\u00e9 el seu consentiment expr\u00e9s per a enviar-li publicitat dels nostres productes o promocions que considerem puguin ser del seu inter\u00e8s, per correu electr\u00f2nic o per qualsevol altre mitj\u00e0 de comunicaci\u00f3 electr\u00f2nica equivalent.<\/p>\n<p>L&#8217;informem que podr\u00e0 revocar en qualsevol moment el consentiment prestat a la recepci\u00f3 de comunicacions comercials enviant un e-mail a l&#8217;adre\u00e7a de correu electr\u00f2nic: bluenatur@bluenatur.com<\/p>\n<p>Podr\u00e0 dirigir-se a l&#8217;Autoritat de Control competent per a presentar la reclamaci\u00f3 que consideri oportuna.[\/vc_column_text][vc_empty_space height=&#8221;40px&#8221;][wyde_heading style=&#8221;2&#8243; subheading=&#8221;CAR\u00c0CTER OBLOGATORI O FACULTATIU DE LA INFORMACI\u00d3 FACILITADA PER L&#8217;USUARI&#8221;][vc_column_text]Els Usuaris, mitjan\u00e7ant la marcaci\u00f3 de les caselles corresponents i entrada de dades als camps marcats amb un asterisc (*) al formulari de contacte o presentats en formularis de desc\u00e0rrega, accepten expressament i de forma lliure i inequ\u00edvoca, que les seves dades s\u00f3n necess\u00e0ries per atendre la seva petici\u00f3, per part del prestador, i \u00e9s volunt\u00e0ria la inclusi\u00f3 de dades en els camps restants. L&#8217;Usuari garanteix que les dades personals facilitades a BLUENATUR &amp; SH FACILITY SERVICES SL s\u00f3n veraces i es fa responsable de comunicar-ne qualsevol modificaci\u00f3.<\/p>\n<p>BLUENATUR &amp; SH FACILITY SERVICES SL informa i garanteix expressament als usuaris que les seves dades personals no seran cedides en cap cas a tercers, i que sempre que realitz\u00e9s algun tipus de cessi\u00f3 de dades personals, es demanar\u00e0 pr\u00e8viament el consentiment expr\u00e9s, informat i inequ\u00edvoc per part dels Usuaris.<\/p>\n<p>Totes les dades sol\u00b7licitades a trav\u00e9s del lloc web s\u00f3n obligat\u00f2ries, ja que s\u00f3n necess\u00e0ries per a la prestaci\u00f3 d&#8217;un servei \u00f2ptim a l&#8217;usuari. En cas que no siguin facilitades totes les dades, no es garanteix que la informaci\u00f3 i els serveis facilitats siguin completament ajustats a les seves necessitats.[\/vc_column_text][vc_empty_space height=&#8221;40px&#8221;][wyde_heading style=&#8221;2&#8243; subheading=&#8221;PROPIETAT INTEL\u00b7LECTUAL I INDUSTRIAL&#8221;][vc_empty_space height=&#8221;40px&#8221;][vc_column_text]<\/p>\n<p style=\"text-align: justify;\">BLUENATUR &amp; SH FACILITY SERVICES\u00a0SL per si mateixa o com a cession\u00e0ria, \u00e9s titular de tots els drets de propietat intel\u00b7lectual i industrial de la seva p\u00e0gina web, aix\u00ed com dels elements continguts en la mateixa (a t\u00edtol enunciatiu, imatges, so, \u00e0udio, v\u00eddeo, programari o textos; marques o logotips, combinacions de colors, estructura i disseny, selecci\u00f3 de materials usats, programes d&#8217;ordinador necessaris per al seu funcionament, acc\u00e9s i \u00fas, etc.), titularitat de BLUENATUR &amp; SH FACILITY SERVICES SL. Seran, per tant, obres protegides com a propietat intel\u00b7lectual per l&#8217;ordenament jur\u00eddic espanyol, ser\u00e0 d&#8217;aplicaci\u00f3 tant la normativa espanyola i comunit\u00e0ria en aquest camp, com els tractats internacionals relatius a la mat\u00e8ria i subscrits per Espanya.<\/p>\n<p style=\"text-align: justify;\">Tots els drets reservats. En virtut del que disposa la Llei de Propietat Intel\u00b7lectual, queden expressament prohibides la reproducci\u00f3, la distribuci\u00f3 i la comunicaci\u00f3 p\u00fablica, inclosa la seva modalitat de posada a disposici\u00f3, de la totalitat o part dels continguts d&#8217;aquesta p\u00e0gina web, amb fins comercials, en qualsevol suport i per qualsevol mitj\u00e0 t\u00e8cnic, sense l&#8217;autoritzaci\u00f3 de BLUENATUR &amp; SH FACILITY SERVICES SL.<\/p>\n<p style=\"text-align: justify;\">L&#8217;usuari es compromet a respectar els drets de Propietat Intel\u00b7lectual i Industrial titularitat de BLUENATUR &amp; SH FACILITY SERVICES SL. Podr\u00e0 visualitzar els elements del portal i fins i tot imprimir-los, copiar-los i emmagatzemar-los al disc dur del seu ordinador o en qualsevol altre suport f\u00edsic sempre que sigui, \u00fanica i exclusivament, per al seu \u00fas personal i privat. L&#8217;usuari haur\u00e0 d&#8217;abstenir-se de suprimir, alterar, eludir o manipular qualsevol dispositiu de protecci\u00f3 o sistema de seguretat que estigu\u00e9s instal\u00b7lat a les p\u00e0gines de BLUENATUR &amp; SH FACILITY SERVICES SL.<\/p>\n<p>[\/vc_column_text][vc_empty_space height=&#8221;40px&#8221;][wyde_heading style=&#8221;2&#8243; subheading=&#8221;ACCIONS LEGALS, LEGISLACI\u00d3 APLICABLE I JURISDICCI\u00d3&#8221;][vc_empty_space height=&#8221;40px&#8221;][vc_column_text]<\/p>\n<p style=\"text-align: justify;\">BLUENATUR &amp; SH FACILITY SERVICES SL es reserva, aix\u00ed mateix, la facultat de presentar les accions civils o penals que consideri oportunes per la utilitzaci\u00f3 indeguda del seu lloc web i continguts, o per l&#8217;incompliment de les presents condicions.<\/p>\n<p style=\"text-align: justify;\">La relaci\u00f3 entre l&#8217;usuari i el prestador es regir\u00e0 per la normativa vigent i d&#8217;aplicaci\u00f3 en el territori espanyol. De sorgir qualsevol controv\u00e8rsia les parts podran sotmetre els seus conflictes a arbitratge o acudir a la jurisdicci\u00f3 ordin\u00e0ria complint amb les normes sobre jurisdicci\u00f3 i compet\u00e8ncia al respecte. BLUENATUR &amp; SH FACILITY SERVICES SL t\u00e9 el seu domicili a BARCELONA, Espanya.<\/p>\n<p>[\/vc_column_text][\/vc_column][\/vc_row]<\/p>\n<\/div>","protected":false},"excerpt":{"rendered":"<p>[vc_row][vc_column][vc_empty_space height=&#8221;40px&#8221;][wyde_heading style=&#8221;2&#8243; title=&#8221;Condicions d&#8217;\u00fas&#8221; subheading=&#8221;BLUENATUR&#8221;][vc_empty_space height=&#8221;40px&#8221;][vc_column_text] En compliment de la Llei 34\/2002, de 11 de juliol, de Serveis de la Societat de la Informaci\u00f3 i de Comer\u00e7 Electr\u00f2nic (LSSI-CE), BLUENATUR &amp; SH FACILITY SERVICES SL informa que \u00e9s titular del lloc web www.bluenatur.com. D&#8217;acord amb l&#8217;exig\u00e8ncia de l&#8217;article 10 de l&#8217;esmentada Llei, BLUENATUR &amp; [&hellip;]<\/p>\n","protected":false},"author":1,"featured_media":0,"parent":0,"menu_order":0,"comment_status":"closed","ping_status":"closed","template":"","meta":{"footnotes":""},"class_list":["post-7348","page","type-page","status-publish","hentry"],"jetpack_sharing_enabled":true,"_links":{"self":[{"href":"https:\/\/www.bluenatur.com\/ca\/wp-json\/wp\/v2\/pages\/7348","targetHints":{"allow":["GET"]}}],"collection":[{"href":"https:\/\/www.bluenatur.com\/ca\/wp-json\/wp\/v2\/pages"}],"about":[{"href":"https:\/\/www.bluenatur.com\/ca\/wp-json\/wp\/v2\/types\/page"}],"author":[{"embeddable":true,"href":"https:\/\/www.bluenatur.com\/ca\/wp-json\/wp\/v2\/users\/1"}],"replies":[{"embeddable":true,"href":"https:\/\/www.bluenatur.com\/ca\/wp-json\/wp\/v2\/comments?post=7348"}],"version-history":[{"count":21,"href":"https:\/\/www.bluenatur.com\/ca\/wp-json\/wp\/v2\/pages\/7348\/revisions"}],"predecessor-version":[{"id":9940,"href":"https:\/\/www.bluenatur.com\/ca\/wp-json\/wp\/v2\/pages\/7348\/revisions\/9940"}],"wp:attachment":[{"href":"https:\/\/www.bluenatur.com\/ca\/wp-json\/wp\/v2\/media?parent=7348"}],"curies":[{"name":"wp","href":"https:\/\/api.w.org\/{rel}","templated":true}]}}