{"id":6995,"date":"2016-06-02T15:35:39","date_gmt":"2016-06-02T15:35:39","guid":{"rendered":"http:\/\/www.ambinatur.com\/ca\/fragancias\/"},"modified":"2026-01-07T19:12:39","modified_gmt":"2026-01-07T17:12:39","slug":"fragancies","status":"publish","type":"page","link":"https:\/\/www.bluenatur.com\/ca\/fragancies\/","title":{"rendered":"Fragancies"},"content":{"rendered":"<div class=\"wpb-content-wrapper\"><p>[vc_row][vc_column width=&#8221;1\/4&#8243;][\/vc_column][vc_column width=&#8221;1\/2&#8243;][vc_custom_heading text=&#8221;Escollides entre les preferides del p\u00fablic europeu i elaborades per especialistes en perfumeria, s&#8217;engloben en un gran mapa de frag\u00e0ncies.&#8221; font_container=&#8221;tag:p|font_size:22px|text_align:center|line_height:36px&#8221; google_fonts=&#8221;font_family:Lato%3A100%2C100italic%2C300%2C300italic%2Cregular%2Citalic%2C700%2C700italic%2C900%2C900italic|font_style:300%20light%20regular%3A300%3Anormal&#8221;][vc_single_image alignment=&#8221;center&#8221; image=&#8221;8105&#8243;][vc_column_text]<\/p>\n<p style=\"text-align: center;\">Totes les nostres frag\u00e0ncies han estat formulats seguint les Directrius d\u2019IFRA.<\/p>\n<p>[\/vc_column_text][\/vc_column][vc_column width=&#8221;1\/4&#8243;][\/vc_column][\/vc_row][vc_row row_style=&#8221;full-width&#8221; padding_size=&#8221;no-padding&#8221; css=&#8221;.vc_custom_1653329043250{margin-left: 30px !important;}&#8221; column_reverse=&#8221;sm,xs&#8221;][vc_column padding_size=&#8221;no-padding&#8221; width=&#8221;2\/3&#8243;][vc_single_image image=&#8221;7009&#8243; animation=&#8221;fadeInLeft&#8221;][vc_empty_space][vc_accordion][vc_accordion_tab title=&#8221;Te verd&#8221;][vc_column_text]<span id=\"result_box\" class=\"\" lang=\"ca\">Aranja, Llimona, Verd Fresc, Rosa, Neroli, Te Verd, Iris, Ambre, Musk i <span class=\"\">S\u00e0ndal<\/span>.<\/span>[\/vc_column_text][\/vc_accordion_tab][vc_accordion_tab title=&#8221;Te blanc&#8221;][vc_column_text]<span id=\"result_box\" class=\"\" lang=\"ca\">Te Blanc<span class=\"\">, Fruites<\/span> d&#8217;Aigua, Gessam\u00ed, Muguet, S\u00e0ndal i <span class=\"\">Musk<\/span><span class=\"\">.<\/span><\/span>[\/vc_column_text][\/vc_accordion_tab][vc_accordion_tab title=&#8221;Relaxing Spa&#8221;][vc_column_text]Llimona, Eucaliptus, Petitgrain, Muguet, Menta, Tarongina, Cedre, Musk i Ambar.[\/vc_column_text][\/vc_accordion_tab][vc_accordion_tab title=&#8221;Antiestr\u00e8s&#8221;][vc_column_text]<span id=\"result_box\" class=\"\" lang=\"ca\">Aranja, Pinya, Gessam\u00ed, Gerani, Rosa, Poma, <span class=\"\">Pr\u00e9ssec<\/span>, S\u00e0ndal i <span class=\"\">Almesc<\/span><span class=\"\">.<\/span><\/span>[\/vc_column_text][\/vc_accordion_tab][vc_accordion_tab title=&#8221;Porto Cervo&#8221;][vc_column_text]<span id=\"result_box\" class=\"\" lang=\"ca\">Herba Fresca, Flors, Taronja, Llimona, Tagatte, Ylang, Mecedonia, Rosa, Gessam\u00ed, Molsa, Fusta de Cedre i <span class=\"\">Pr\u00e9ssec<\/span><span class=\"\">.<\/span><\/span>[\/vc_column_text][\/vc_accordion_tab][vc_accordion_tab title=&#8221;Capri&#8221;][vc_column_text]<span id=\"result_box\" class=\"\" lang=\"ca\"><span class=\"\">Taronja,<\/span> <span class=\"\">Llimona<\/span>, <span class=\"\">Mandarina<\/span>, <span class=\"\">Muguet<\/span>, <span class=\"\">Liles,<\/span> Pr\u00e9ssec, <span class=\"\">Ruibardo<\/span>, <span class=\"\">Molsa<\/span> i <span class=\"\">Ambre.<\/span><\/span>[\/vc_column_text][\/vc_accordion_tab][vc_accordion_tab title=&#8221;Las Vegas&#8221;][vc_column_text]<span id=\"result_box\" class=\"\" lang=\"ca\"><span class=\"\">Taronja,<\/span> Bergamota, Verd, Lavanda, Roman\u00ed, Gerani, Molsa, Cedre, Cuir i <span class=\"\">Ambre.<\/span><\/span>[\/vc_column_text][\/vc_accordion_tab][vc_accordion_tab title=&#8221;Bambino&#8221;][vc_column_text]Llimona,\u00a0<span class=\"\">Bergamota<\/span>,\u00a0<span class=\"\">petitgrain<\/span>, Romero, Mandarina, Muguet, Lavanda, Esp\u00edgol, Azahar i Musk<span class=\"\">.<\/span>[\/vc_column_text][\/vc_accordion_tab][vc_accordion_tab title=&#8221;Lemongrass&#8221;][vc_column_text]Litsea, Llimona, Gerani, Citronel\u00b7la.[\/vc_column_text][\/vc_accordion_tab][\/vc_accordion][\/vc_column][vc_column width=&#8221;1\/3&#8243;][vc_row_inner overlap=&#8221;top&#8221; overlap_distance=&#8221;150px&#8221; overlap_index=&#8221;50&#8243;][vc_column_inner offset=&#8221;vc_hidden-sm vc_hidden-xs&#8221;][\/vc_column_inner][\/vc_row_inner][vc_row_inner][vc_column_inner offset=&#8221;vc_hidden-sm vc_hidden-xs&#8221;][vc_empty_space height=&#8221;260px&#8221;][\/vc_column_inner][\/vc_row_inner][vc_row_inner][vc_column_inner][vc_custom_heading text=&#8221;Herbal&#8221; font_container=&#8221;tag:h2|font_size:65px|text_align:left|line_height:87px&#8221; google_fonts=&#8221;font_family:Playfair%20Display%3Aregular%2Citalic%2C700%2C700italic%2C900%2C900italic|font_style:700%20bold%20regular%3A700%3Anormal&#8221;][wyde_separator border_width=&#8221;5px&#8221; el_width=&#8221;20%&#8221; color=&#8221;#3b6299&#8243;][vc_empty_space][\/vc_column_inner][\/vc_row_inner][vc_row_inner overlap=&#8221;top&#8221; overlap_distance=&#8221;20px&#8221; overlap_index=&#8221;50&#8243;][vc_column_inner width=&#8221;2\/3&#8243;][vc_single_image image=&#8221;7308&#8243; animation=&#8221;fadeInRight&#8221; animation_delay=&#8221;0.2&#8243;][\/vc_column_inner][vc_column_inner width=&#8221;1\/3&#8243;][\/vc_column_inner][\/vc_row_inner][\/vc_column][\/vc_row][vc_row][vc_column][vc_empty_space height=&#8221;&#8221;][\/vc_column][\/vc_row][vc_row row_style=&#8221;full-width&#8221; padding_size=&#8221;no-padding&#8221; css=&#8221;.vc_custom_1465572629538{margin-right: 30px !important;}&#8221;][vc_column width=&#8221;1\/3&#8243;][vc_row_inner overlap=&#8221;top&#8221; overlap_distance=&#8221;150px&#8221; overlap_index=&#8221;50&#8243;][vc_column_inner][\/vc_column_inner][\/vc_row_inner][vc_row_inner][vc_column_inner offset=&#8221;vc_hidden-sm vc_hidden-xs&#8221;][vc_empty_space height=&#8221;260px&#8221;][\/vc_column_inner][\/vc_row_inner][vc_row_inner overlap=&#8221;left&#8221;][vc_column_inner][vc_custom_heading text=&#8221;Afruitada&#8221; font_container=&#8221;tag:h2|font_size:65px|text_align:right|line_height:87px&#8221; google_fonts=&#8221;font_family:Playfair%20Display%3Aregular%2Citalic%2C700%2C700italic%2C900%2C900italic|font_style:700%20bold%20italic%3A700%3Aitalic&#8221;][wyde_separator text_align=&#8221;right&#8221; border_width=&#8221;5px&#8221; el_width=&#8221;20%&#8221; color=&#8221;#3b6299&#8243;][vc_empty_space][\/vc_column_inner][\/vc_row_inner][vc_row_inner overlap=&#8221;top&#8221; overlap_distance=&#8221;20px&#8221; overlap_index=&#8221;50&#8243;][vc_column_inner width=&#8221;1\/3&#8243;][\/vc_column_inner][vc_column_inner width=&#8221;2\/3&#8243;][vc_single_image alignment=&#8221;right&#8221; image=&#8221;7306&#8243; animation=&#8221;fadeInLeft&#8221;][\/vc_column_inner][\/vc_row_inner][\/vc_column][vc_column width=&#8221;2\/3&#8243;][vc_single_image alignment=&#8221;right&#8221; image=&#8221;7008&#8243; animation=&#8221;fadeInRight&#8221;][vc_empty_space][vc_accordion][vc_accordion_tab title=&#8221;Carib&#8221;][vc_column_text]Bergamota, Mel\u00f3,\u00a0Poma, Gessam\u00ed, Violetes, Molsa d&#8217;arbre i Cedre.[\/vc_column_text][\/vc_accordion_tab][vc_accordion_tab title=&#8221;Poma&#8221;][vc_column_text]Escor\u00e7a de poma, Flors, Poma, Vainilla, Sucres Torrats i Almesc.[\/vc_column_text][\/vc_accordion_tab][vc_accordion_tab title=&#8221;Xiclet&#8221;][vc_column_text]Verd, Maced\u00f2nia, Taronja, Maduixa dol\u00e7a i Vainilla.[\/vc_column_text][\/vc_accordion_tab][vc_accordion_tab title=&#8221;Ra\u00efm&#8221;][vc_column_text]<span id=\"result_box\" class=\"\" lang=\"ca\">Pl\u00e0tan<span class=\"\">, Mora<\/span><span class=\"\">, Pinya,<\/span> Cirera, Limeta, Ra\u00efm, Alf\u00e0brega, Gessam\u00ed, Liles, Esp\u00e8cies, Ylang i Cedre.<\/span>[\/vc_column_text][\/vc_accordion_tab][vc_accordion_tab title=&#8221;Fruits vermells&#8221;][vc_column_text]<span id=\"result_box\" class=\"\" lang=\"ca\"><span class=\"\">Fulles<\/span> Verds, Fruits Vermells, Galeta, <span class=\"\">Pr\u00e9ssec<\/span><span class=\"\">,<\/span> <span class=\"\">Iris i<\/span> <span class=\"\">Vainilla<\/span><span class=\"\">.<\/span><\/span>[\/vc_column_text][\/vc_accordion_tab][vc_accordion_tab title=&#8221;Coco&#8221;][vc_column_text]<span id=\"result_box\" class=\"\" lang=\"ca\">Maduixa, Taronja, Pl\u00e0tan, Coco, Pinya, <span class=\"\">Gourmand<\/span>, <span class=\"\">Faves<\/span> i <span class=\"\">Tonkas<\/span><span class=\"\">.<\/span><\/span>[\/vc_column_text][\/vc_accordion_tab][vc_accordion_tab title=&#8221;Mango&#8221;][vc_column_text]<span id=\"result_box\" class=\"\" lang=\"ca\">Gerani, Bergamota, Llimona, Mango, Pr\u00e9ssec, Rosa, Clau, Gessam\u00ed, <span class=\"\">Vainilla i<\/span> <span class=\"\">Almesc<\/span><span class=\"\">.<\/span><\/span>[\/vc_column_text][\/vc_accordion_tab][\/vc_accordion][\/vc_column][\/vc_row][vc_row][vc_column][vc_empty_space height=&#8221;&#8221;][\/vc_column][\/vc_row][vc_row row_style=&#8221;full-width&#8221; padding_size=&#8221;no-padding&#8221; css=&#8221;.vc_custom_1653329062567{margin-left: 30px !important;}&#8221; column_reverse=&#8221;sm,xs&#8221;][vc_column padding_size=&#8221;no-padding&#8221; width=&#8221;2\/3&#8243;][vc_single_image image=&#8221;7012&#8243; animation=&#8221;fadeInLeft&#8221;][vc_empty_space][vc_accordion][vc_accordion_tab title=&#8221;Thai Sandal&#8221;][vc_column_text]<span id=\"result_box\" class=\"\" lang=\"ca\"><span class=\"\">Liles,<\/span> <span class=\"\">Llimona<\/span><span class=\"\">,<\/span> <span class=\"\">Gerani<\/span><span class=\"\">, Rosa<\/span>, Muguet, Gessam\u00ed, Pr\u00e9ssec, Fusta de guaiac, Vainilla, Ambre, Cuir, Musk i <span class=\"\">S\u00e0ndal<\/span><span class=\"\">.<\/span><\/span>[\/vc_column_text][\/vc_accordion_tab][vc_accordion_tab title=&#8221;Asian Bamboo&#8221;][vc_column_text]<span id=\"result_box\" class=\"\" lang=\"ca\">Lima, Poma Verda, Mel\u00f3 d&#8217;Aigua, Bamb\u00fa, Mar\u00ed, Muguet, Especiat, Rosa, Molsa, Musk, Gessam\u00ed i <span class=\"\">Clavell.<\/span><\/span>[\/vc_column_text][\/vc_accordion_tab][vc_accordion_tab title=&#8221;Cedar Madeira&#8221;][vc_column_text]<span id=\"result_box\" class=\"\" lang=\"ca\"><span class=\"\">Eucaliptus<\/span><span class=\"\">, Cedre<\/span>, <span class=\"\">Claus,<\/span> <span class=\"\">P\u00e0txuli<\/span><span class=\"\">,<\/span> Ambre, Cuir i <span class=\"\">Vainilla<\/span>.<\/span>[\/vc_column_text][\/vc_accordion_tab][vc_accordion_tab title=&#8221;Ceil\u00e1n&#8221;][vc_column_text]<span id=\"result_box\" class=\"\" lang=\"ca\">Llimona, <span class=\"\">Lavanda,<\/span> Claus, Canela, Violeta, Musk<span class=\"\">, Cedre<\/span>, <span class=\"\">S\u00e0ndal<\/span><span class=\"\">,<\/span> <span class=\"\">P\u00e0txuli<\/span> i <span class=\"\">Vainilla<\/span><span class=\"\">.<\/span><\/span>[\/vc_column_text][\/vc_accordion_tab][vc_accordion_tab title=&#8221;Chicago&#8221;][vc_column_text]<span class=\"alt-edited\">S\u00e0lvia,<\/span>\u00a0<span class=\"\">Litsea<\/span>\u00a0<span class=\"\">Cubeba<\/span><span class=\"\">,<\/span>\u00a0<span class=\"\">Mandarina<\/span>,\u00a0<span class=\"\">Esp\u00e8cies<\/span><span class=\"\">, Rosa<\/span>, Mar\u00ed, Molsa i\u00a0<span class=\"\">Floral.<\/span>[\/vc_column_text][\/vc_accordion_tab][vc_accordion_tab title=&#8221;Encens&#8221;][vc_column_text]Violeta, Encens, P\u00e0txuli, Vetiver, Cedre, Benju\u00ed, Vainilla Oriental.[\/vc_column_text][\/vc_accordion_tab][\/vc_accordion][\/vc_column][vc_column width=&#8221;1\/3&#8243;][vc_row_inner overlap=&#8221;top&#8221; overlap_distance=&#8221;150px&#8221; overlap_index=&#8221;50&#8243;][vc_column_inner][\/vc_column_inner][\/vc_row_inner][vc_row_inner][vc_column_inner offset=&#8221;vc_hidden-sm vc_hidden-xs&#8221;][vc_empty_space height=&#8221;260px&#8221;][\/vc_column_inner][\/vc_row_inner][vc_row_inner][vc_column_inner][vc_custom_heading text=&#8221;Afustada&#8221; font_container=&#8221;tag:h2|font_size:65px|text_align:left|line_height:87px&#8221; google_fonts=&#8221;font_family:Playfair%20Display%3Aregular%2Citalic%2C700%2C700italic%2C900%2C900italic|font_style:700%20bold%20regular%3A700%3Anormal&#8221;][wyde_separator border_width=&#8221;5px&#8221; el_width=&#8221;20%&#8221; color=&#8221;#3b6299&#8243;][vc_empty_space][\/vc_column_inner][\/vc_row_inner][vc_row_inner overlap=&#8221;top&#8221; overlap_distance=&#8221;20px&#8221; overlap_index=&#8221;50&#8243;][vc_column_inner width=&#8221;2\/3&#8243;][vc_single_image image=&#8221;7316&#8243; animation=&#8221;fadeInRight&#8221; animation_delay=&#8221;0.2&#8243;][\/vc_column_inner][vc_column_inner width=&#8221;1\/3&#8243;][\/vc_column_inner][\/vc_row_inner][\/vc_column][\/vc_row][vc_row][vc_column][vc_empty_space height=&#8221;&#8221;][\/vc_column][\/vc_row][vc_row row_style=&#8221;full-width&#8221; padding_size=&#8221;no-padding&#8221; css=&#8221;.vc_custom_1465573727896{margin-right: 30px !important;}&#8221;][vc_column width=&#8221;1\/3&#8243;][vc_row_inner overlap=&#8221;top&#8221; overlap_distance=&#8221;150px&#8221; overlap_index=&#8221;50&#8243;][vc_column_inner][\/vc_column_inner][\/vc_row_inner][vc_row_inner][vc_column_inner offset=&#8221;vc_hidden-sm vc_hidden-xs&#8221;][vc_empty_space height=&#8221;260px&#8221;][\/vc_column_inner][\/vc_row_inner][vc_row_inner][vc_column_inner][vc_custom_heading text=&#8221;Floral&#8221; font_container=&#8221;tag:h2|font_size:65px|text_align:right|line_height:87px&#8221; google_fonts=&#8221;font_family:Playfair%20Display%3Aregular%2Citalic%2C700%2C700italic%2C900%2C900italic|font_style:700%20bold%20italic%3A700%3Aitalic&#8221;][wyde_separator text_align=&#8221;right&#8221; border_width=&#8221;5px&#8221; el_width=&#8221;20%&#8221; color=&#8221;#3b6299&#8243;][vc_empty_space][\/vc_column_inner][\/vc_row_inner][vc_row_inner overlap=&#8221;top&#8221; overlap_distance=&#8221;20px&#8221; overlap_index=&#8221;50&#8243;][vc_column_inner width=&#8221;1\/3&#8243;][\/vc_column_inner][vc_column_inner width=&#8221;2\/3&#8243;][vc_single_image alignment=&#8221;right&#8221; image=&#8221;7318&#8243; animation=&#8221;fadeInLeft&#8221;][\/vc_column_inner][\/vc_row_inner][\/vc_column][vc_column width=&#8221;2\/3&#8243;][vc_single_image alignment=&#8221;right&#8221; image=&#8221;7013&#8243; animation=&#8221;fadeInRight&#8221;][vc_empty_space][vc_accordion][vc_accordion_tab title=&#8221;Japan Spring&#8221;][vc_column_text]<span id=\"result_box\" class=\"\" lang=\"ca\">Ylang, Mandarina, Tuberosa, Gessam\u00ed, Musk, S\u00e0ndal i <span class=\"\">Vainilla<\/span>.<\/span>[\/vc_column_text][\/vc_accordion_tab][vc_accordion_tab title=&#8221;Laundry&#8221;][vc_column_text]<span id=\"result_box\" class=\"\" lang=\"ca\">Pi, Ylang, Gardenia, Eucaliptus, Rosa, Aldehids, Muguet<span class=\"\">, Gessam\u00ed<\/span> <span class=\"\">i Flor de<\/span> <span class=\"\">Azahar<\/span><span class=\"\">.<\/span><\/span>[\/vc_column_text][\/vc_accordion_tab][vc_accordion_tab title=&#8221;Gessam\u00ed&#8221;][vc_column_text]<span id=\"result_box\" class=\"\" lang=\"ca\">Gessam\u00ed, <span class=\"\">Rosa,<\/span> Canela, Fustes, Ylang, Muguet i <span class=\"\">Musk<\/span>.<\/span>[\/vc_column_text][\/vc_accordion_tab][vc_accordion_tab title=&#8221;Azahar&#8221;][vc_column_text]<span id=\"result_box\" class=\"\" lang=\"ca\">Taronja, <span class=\"\">Mandarina<\/span>, <span class=\"\">Neroli<\/span>, <span class=\"\">Liles,<\/span> <span class=\"\">Rosa,<\/span> Gessam\u00ed, <span class=\"\">Violeta,<\/span> <span class=\"\">Citronela<\/span>, <span class=\"\">Musk<\/span> <span class=\"\">i<\/span> <span class=\"\">An\u00eds<\/span><span class=\"\">.<\/span><\/span>[\/vc_column_text][\/vc_accordion_tab][vc_accordion_tab title=&#8221;Lavanda&#8221;][vc_column_text]<span id=\"result_box\" class=\"short_text\" lang=\"ca\">Esp\u00edgol, Menta, Lila, Rosa, Claus i <span class=\"\">Musk<\/span>.<\/span>[\/vc_column_text][\/vc_accordion_tab][\/vc_accordion][\/vc_column][\/vc_row][vc_row][vc_column][vc_empty_space height=&#8221;&#8221;][\/vc_column][\/vc_row][vc_row row_style=&#8221;full-width&#8221; padding_size=&#8221;no-padding&#8221; css=&#8221;.vc_custom_1653329078606{margin-left: 30px !important;}&#8221; column_reverse=&#8221;sm,xs&#8221;][vc_column padding_size=&#8221;no-padding&#8221; width=&#8221;2\/3&#8243;][vc_single_image image=&#8221;7007&#8243; animation=&#8221;fadeInLeft&#8221;][vc_empty_space][vc_row_inner][vc_column_inner width=&#8221;1\/2&#8243;][\/vc_column_inner][vc_column_inner width=&#8221;1\/2&#8243;][\/vc_column_inner][\/vc_row_inner][vc_accordion][vc_accordion_tab title=&#8221;Vainilla&#8221;][vc_column_text]<span id=\"result_box\" class=\"\" lang=\"ca\">C\u00edtrics, Fruita d&#8217;Aigua, Lacti, Azahar, Rosa, Fruites Dol\u00e7os, Vainilla i <span class=\"\">Ambre.<\/span><\/span>[\/vc_column_text][\/vc_accordion_tab][vc_accordion_tab title=&#8221;Canyella&#8221;][vc_column_text]<span id=\"result_box\" class=\"\" lang=\"ca\"><span class=\"\">Taronja,<\/span> <span class=\"\">Nou Moscada<\/span><span class=\"\">, Escor\u00e7a<\/span> <span class=\"\">de Canyella,<\/span> <span class=\"\">Clau,<\/span> <span class=\"\">Liles,<\/span> <span class=\"\">Vainilla i<\/span> <span class=\"\">B\u00e0lsam<\/span> <span class=\"\">Per\u00fa.<\/span><\/span>[\/vc_column_text][\/vc_accordion_tab][vc_accordion_tab title=&#8221;Caf\u00e8 amb llet&#8221;][vc_column_text]<span id=\"result_box\" class=\"\" lang=\"ca\">Caf\u00e8, Llet, Pruna, Maduixa, Mel, Bescuit<span class=\"\">, Coco<\/span><span class=\"\">, Gessam\u00ed<\/span>, <span class=\"\">Gardenia<\/span> i <span class=\"\">Tonkas<\/span><span class=\"\">.<\/span><\/span>[\/vc_column_text][\/vc_accordion_tab][vc_accordion_tab title=&#8221;Pa de pessic&#8221;][vc_column_text]<span id=\"result_box\" class=\"\" lang=\"ca\"><span class=\"\">An\u00eds<\/span>, Llimona, Mantega, Canela, Pr\u00e9ssec, Bois de guaiac, Notes Fornejades, Vainilla i <span class=\"\">Caramel<\/span><span class=\"\">.<\/span><\/span>[\/vc_column_text][\/vc_accordion_tab][vc_accordion_tab title=&#8221;Xocolata&#8221;][vc_column_text]<span id=\"result_box\" class=\"\" lang=\"ca\">Taronja, Avellana, Mantega, Xocolata, Bescuit, Canela, Llet <span class=\"\">Bullida<\/span>, <span class=\"\">Vainilla i<\/span> <span class=\"\">Cacau<\/span><span class=\"\">.<\/span><\/span>[\/vc_column_text][\/vc_accordion_tab][vc_accordion_tab title=&#8221;Pa acabat de fer&#8221;][vc_column_text]<span id=\"result_box\" class=\"\" lang=\"ca\">Pa, Torrat, <span class=\"\">Gourmand<\/span>, <span class=\"\">Dol\u00e7,<\/span> <span class=\"\">Floral,<\/span> Afustat i \u00c0<span class=\"\">mbar<\/span>.<\/span>[\/vc_column_text][\/vc_accordion_tab][vc_accordion_tab title=&#8221;Caf\u00e8&#8221;][vc_column_text]Caf\u00e8 i Vainilla.[\/vc_column_text][\/vc_accordion_tab][vc_accordion_tab title=&#8221;Crispetes&#8221;][vc_column_text]Blat de moro, Mantega i Dol\u00e7.[\/vc_column_text][\/vc_accordion_tab][\/vc_accordion][\/vc_column][vc_column width=&#8221;1\/3&#8243;][vc_row_inner overlap=&#8221;top&#8221; overlap_distance=&#8221;150px&#8221; overlap_index=&#8221;50&#8243;][vc_column_inner][\/vc_column_inner][\/vc_row_inner][vc_row_inner][vc_column_inner offset=&#8221;vc_hidden-sm vc_hidden-xs&#8221;][vc_empty_space height=&#8221;260px&#8221;][\/vc_column_inner][\/vc_row_inner][vc_row_inner][vc_column_inner][vc_custom_heading text=&#8221;Gourmand&#8221; font_container=&#8221;tag:h2|font_size:65px|text_align:left|line_height:87px&#8221; google_fonts=&#8221;font_family:Playfair%20Display%3Aregular%2Citalic%2C700%2C700italic%2C900%2C900italic|font_style:700%20bold%20regular%3A700%3Anormal&#8221;][wyde_separator border_width=&#8221;5px&#8221; el_width=&#8221;20%&#8221; color=&#8221;#3b6299&#8243;][vc_empty_space][\/vc_column_inner][\/vc_row_inner][vc_row_inner overlap=&#8221;top&#8221; overlap_distance=&#8221;20px&#8221; overlap_index=&#8221;50&#8243;][vc_column_inner width=&#8221;2\/3&#8243;][vc_single_image image=&#8221;7303&#8243; animation=&#8221;fadeInRight&#8221; animation_delay=&#8221;0.2&#8243;][\/vc_column_inner][vc_column_inner width=&#8221;1\/3&#8243;][\/vc_column_inner][\/vc_row_inner][\/vc_column][\/vc_row][vc_row][vc_column][vc_empty_space height=&#8221;&#8221;][\/vc_column][\/vc_row][vc_row row_style=&#8221;full-width&#8221; padding_size=&#8221;no-padding&#8221; css=&#8221;.vc_custom_1465573727896{margin-right: 30px !important;}&#8221;][vc_column width=&#8221;1\/3&#8243;][vc_row_inner overlap=&#8221;top&#8221; overlap_distance=&#8221;150px&#8221; overlap_index=&#8221;50&#8243;][vc_column_inner][\/vc_column_inner][\/vc_row_inner][vc_row_inner][vc_column_inner offset=&#8221;vc_hidden-sm vc_hidden-xs&#8221;][vc_empty_space height=&#8221;260px&#8221;][\/vc_column_inner][\/vc_row_inner][vc_row_inner][vc_column_inner][vc_custom_heading text=&#8221;Hipoal\u00b7lerg\u00f2genes&#8221; font_container=&#8221;tag:h2|font_size:50px|text_align:right|line_height:87px&#8221; google_fonts=&#8221;font_family:Playfair%20Display%3Aregular%2Citalic%2C700%2C700italic%2C900%2C900italic|font_style:700%20bold%20italic%3A700%3Aitalic&#8221;][wyde_separator text_align=&#8221;right&#8221; border_width=&#8221;5px&#8221; el_width=&#8221;20%&#8221; color=&#8221;#3b6299&#8243;][vc_empty_space][\/vc_column_inner][\/vc_row_inner][vc_row_inner overlap=&#8221;top&#8221; overlap_distance=&#8221;20px&#8221; overlap_index=&#8221;50&#8243;][vc_column_inner width=&#8221;1\/3&#8243;][\/vc_column_inner][vc_column_inner width=&#8221;2\/3&#8243;][vc_single_image alignment=&#8221;right&#8221; image=&#8221;8133&#8243; animation=&#8221;fadeInLeft&#8221;][\/vc_column_inner][\/vc_row_inner][\/vc_column][vc_column width=&#8221;2\/3&#8243;][vc_single_image image=&#8221;8044&#8243; animation=&#8221;fadeInLeft&#8221;][vc_empty_space][vc_accordion][vc_accordion_tab title=&#8221;Te Verd&#8221;][vc_column_text]Llimona, Bergamota, Te verd, Litsea, Flor Blanca, Gessam\u00ed, Musk i Afustat.[\/vc_column_text][\/vc_accordion_tab][vc_accordion_tab title=&#8221;Empire&#8221;][vc_column_text]Pinya, Notes Verdes, Mandarina, Papaia, Bergamota, Cardamom, Llimona, Nou Moscada, Violeta, Arrel de Lliri, Gessam\u00ed, Muguet, Rosa, Fresia, S\u00e0ndal, Ambre, Mesc, Cedre, Molsa de Robi i Te verd[\/vc_column_text][\/vc_accordion_tab][vc_accordion_tab title=&#8221;Cool Waves&#8221;][vc_column_text]Notes c\u00edtriques, Notes verds, Notes aqu\u00e0tiques, Neroli, Romero, Cedre, Musk i S\u00e0ndal.[\/vc_column_text][\/vc_accordion_tab][\/vc_accordion][\/vc_column][\/vc_row][vc_row][vc_column][vc_empty_space height=&#8221;&#8221;][\/vc_column][\/vc_row][vc_row row_style=&#8221;full-width&#8221; equal_height=&#8221;true&#8221; vertical_align=&#8221;middle&#8221; padding_size=&#8221;no-padding&#8221; background_color=&#8221;#2f496a&#8221;][vc_column text_align=&#8221;center&#8221; padding_size=&#8221;l-padding&#8221; width=&#8221;1\/2&#8243;][vc_empty_space height=&#8221;20px&#8221;][vc_custom_heading text=&#8221;Quin \u00e9s l&#8217;espai que desitges aromatitzar?&#8221; font_container=&#8221;tag:h2|text_align:center|color:%23ffffff&#8221; google_fonts=&#8221;font_family:Playfair%20Display%3Aregular%2Citalic%2C700%2C700italic%2C900%2C900italic|font_style:700%20bold%20regular%3A700%3Anormal&#8221;][wyde_separator text_align=&#8221;center&#8221; color=&#8221;#ffffff&#8221;][vc_column_text]<span style=\"color: #ffffff;\">Els nostres professionals et visitaran i t&#8217;assessoraran sense cap comprom\u00eds per trobar l&#8217;aromatitzaci\u00f3 perfecta per la teva empresa.<\/span>[\/vc_column_text][vc_empty_space height=&#8221;40px&#8221;][wyde_link_button icon_set=&#8221;simple_line&#8221; style=&#8221;outline&#8221; size=&#8221;large&#8221; icon_simple_line=&#8221;sl-mouse&#8221; title=&#8221;CONTACTA AMB NOSALTRES&#8221; link=&#8221;url:http%3A%2F%2Fwww.bluenatur.com%2Fca%2Fcontactebarcelona%2F||&#8221; color=&#8221;#ffffff&#8221; hover_color=&#8221;#000000&#8243;][vc_empty_space height=&#8221;20px&#8221;][\/vc_column][vc_column padding_size=&#8221;no-padding&#8221; background_style=&#8221;cover&#8221; background_position=&#8221;right top&#8221; width=&#8221;1\/2&#8243; bg_image_url=&#8221;http:\/\/santaelisabet.com\/1sites\/ambinatur\/wp-content\/uploads\/2016\/06\/atencionalclienteambinatur-150&#215;150.jpg&#8221; background_image=&#8221;6638&#8243;][vc_empty_space height=&#8221;400px&#8221;][\/vc_column][\/vc_row][vc_row][vc_column][wyde_clients_carousel image_size=&#8221;full&#8221; visible_items=&#8221;5&#8243; show_pagination=&#8221;true&#8221; auto_play=&#8221;true&#8221; images=&#8221;7808,8148,8142,9571,9574,9595,9581,9577,9579,9592,9590,9588,9586,9584,9605&#8243;][vc_empty_space height=&#8221;40px&#8221;][\/vc_column][\/vc_row]<\/p>\n<\/div>","protected":false},"excerpt":{"rendered":"<p>[vc_row][vc_column width=&#8221;1\/4&#8243;][\/vc_column][vc_column width=&#8221;1\/2&#8243;][vc_custom_heading text=&#8221;Escollides entre les preferides del p\u00fablic europeu i elaborades per especialistes en perfumeria, s&#8217;engloben en un gran mapa de frag\u00e0ncies.&#8221; font_container=&#8221;tag:p|font_size:22px|text_align:center|line_height:36px&#8221; google_fonts=&#8221;font_family:Lato%3A100%2C100italic%2C300%2C300italic%2Cregular%2Citalic%2C700%2C700italic%2C900%2C900italic|font_style:300%20light%20regular%3A300%3Anormal&#8221;][vc_single_image alignment=&#8221;center&#8221; image=&#8221;8105&#8243;][vc_column_text] Totes les nostres frag\u00e0ncies han estat formulats seguint les Directrius d\u2019IFRA. [\/vc_column_text][\/vc_column][vc_column width=&#8221;1\/4&#8243;][\/vc_column][\/vc_row][vc_row row_style=&#8221;full-width&#8221; padding_size=&#8221;no-padding&#8221; css=&#8221;.vc_custom_1653329043250{margin-left: 30px !important;}&#8221; column_reverse=&#8221;sm,xs&#8221;][vc_column padding_size=&#8221;no-padding&#8221; width=&#8221;2\/3&#8243;][vc_single_image image=&#8221;7009&#8243; animation=&#8221;fadeInLeft&#8221;][vc_empty_space][vc_accordion][vc_accordion_tab title=&#8221;Te verd&#8221;][vc_column_text]Aranja, Llimona, Verd Fresc, [&hellip;]<\/p>\n","protected":false},"author":1,"featured_media":0,"parent":0,"menu_order":0,"comment_status":"closed","ping_status":"closed","template":"","meta":{"footnotes":""},"class_list":["post-6995","page","type-page","status-publish","hentry"],"jetpack_sharing_enabled":true,"_links":{"self":[{"href":"https:\/\/www.bluenatur.com\/ca\/wp-json\/wp\/v2\/pages\/6995","targetHints":{"allow":["GET"]}}],"collection":[{"href":"https:\/\/www.bluenatur.com\/ca\/wp-json\/wp\/v2\/pages"}],"about":[{"href":"https:\/\/www.bluenatur.com\/ca\/wp-json\/wp\/v2\/types\/page"}],"author":[{"embeddable":true,"href":"https:\/\/www.bluenatur.com\/ca\/wp-json\/wp\/v2\/users\/1"}],"replies":[{"embeddable":true,"href":"https:\/\/www.bluenatur.com\/ca\/wp-json\/wp\/v2\/comments?post=6995"}],"version-history":[{"count":58,"href":"https:\/\/www.bluenatur.com\/ca\/wp-json\/wp\/v2\/pages\/6995\/revisions"}],"predecessor-version":[{"id":9752,"href":"https:\/\/www.bluenatur.com\/ca\/wp-json\/wp\/v2\/pages\/6995\/revisions\/9752"}],"wp:attachment":[{"href":"https:\/\/www.bluenatur.com\/ca\/wp-json\/wp\/v2\/media?parent=6995"}],"curies":[{"name":"wp","href":"https:\/\/api.w.org\/{rel}","templated":true}]}}