{"id":6992,"date":"2016-03-02T05:44:27","date_gmt":"2016-03-02T05:44:27","guid":{"rendered":"http:\/\/www.ambinatur.com\/ca\/footer-personal-portfoilo\/"},"modified":"2026-02-13T23:19:26","modified_gmt":"2026-02-13T21:19:26","slug":"footer-personal-portfoilo","status":"publish","type":"page","link":"https:\/\/www.bluenatur.com\/ca\/bluenatur\/footer-personal-portfoilo\/","title":{"rendered":"Footer &#8211; Personal Portfoilo"},"content":{"rendered":"<div class=\"wpb-content-wrapper\"><p>[vc_row row_style=&#8221;full-width&#8221; overlap=&#8221;bottom&#8221; overlap_distance=&#8221;0&#8243; overlap_index=&#8221;50&#8243; padding_size=&#8221;no-padding&#8221;][vc_column padding_size=&#8221;no-padding&#8221;][wyde_section_separator style=&#8221;mountain-alt&#8221; background_color=&#8221;#000000&#8243;][\/vc_column][\/vc_row][vc_row padding_size=&#8221;m-padding&#8221; background_position=&#8221;center top&#8221; background_color=&#8221;#000000&#8243; bg_image_url=&#8221;http:\/\/wydethemes.com\/overlap\/wp-content\/uploads\/2016\/03\/overlap-bg-049-150&#215;150.jpg&#8221; background_image=&#8221;5525&#8243;][vc_column][vc_row_inner text_style=&#8221;light&#8221;][vc_column_inner width=&#8221;1\/3&#8243;][wyde_heading style=&#8221;7&#8243; text_align=&#8221;left&#8221; title=&#8221;Bluenatur&#8221;][vc_empty_space height=&#8221;15px&#8221;][vc_column_text]Empresa d&#8217;aromatitzaci\u00f3 i eliminaci\u00f3 de males olors amb un gran coneixement del sector, la millor selecci\u00f3 d&#8217;ess\u00e8ncies juntament amb els dispositius m\u00e9s avan\u00e7ats.[\/vc_column_text][wyde_separator style=&#8221;dashed&#8221; el_width=&#8221;80%&#8221;][vc_column_text]Descobreix les nostres solucions per a lavabos p\u00fablics:[\/vc_column_text][vc_empty_space height=&#8221;15px&#8221;][vc_single_image onclick=&#8221;custom_link&#8221; image=&#8221;9502&#8243; link=&#8221;https:\/\/sh-higiene.es\/ca\/&#8221;][\/vc_column_inner][vc_column_inner width=&#8221;1\/3&#8243;][wyde_heading style=&#8221;7&#8243; text_align=&#8221;left&#8221; title=&#8221;Menu Legal&#8221;][vc_empty_space height=&#8221;15px&#8221;][vc_column_text css=&#8221;.vc_custom_1653336698262{margin-left: -30px !important;}&#8221;]<\/p>\n<ul>\n<li><a href=\"https:\/\/www.bluenatur.com\/ca\/condicions-us\/\">Condicions d&#8217;\u00fas<\/a><\/li>\n<li><a href=\"https:\/\/www.bluenatur.com\/ca\/politica-cookies\/\">Politica de cookies<\/a><\/li>\n<li><a href=\"https:\/\/www.bluenatur.com\/ca\/politicadeprivacitat-xarxessocials\/\">Politica de privacitat xarxes socials<\/a><\/li>\n<\/ul>\n<p>[\/vc_column_text][vc_empty_space height=&#8221;15px&#8221;][vc_single_image image=&#8221;8034&#8243;][vc_column_text]Totes les nostres frag\u00e0ncies han estat formulats seguint les Directrius d&#8217;IFRA.[\/vc_column_text][vc_empty_space height=&#8221;20px&#8221;][vc_single_image image=&#8221;9769&#8243;][\/vc_column_inner][vc_column_inner width=&#8221;1\/3&#8243;][wyde_heading style=&#8221;7&#8243; text_align=&#8221;left&#8221; title=&#8221;Contacte&#8221;][vc_empty_space height=&#8221;15px&#8221;][vc_column_text]<strong>OFICINES EN:<\/strong><\/p>\n<p><em><strong>BARCELONA\u00a0<\/strong><\/em><br \/>\n<a href=\"https:\/\/maps.app.goo.gl\/wSnaT7mhbcKgdJsv6\"><b>C\/ de l&#8217;Esla, 22, Nave 11, 08223 Terrassa<\/b><\/a><br \/>\n<strong>Telf.\u00a0<a href=\"tel:938682862\">93 868 28 62<\/a><\/strong><\/p>\n<p><em><strong>MADRID\u00a0<\/strong><\/em><br \/>\n<strong><a href=\"https:\/\/maps.app.goo.gl\/YfmMcNX9m1ZbfcCY9\" target=\"_blank\" rel=\"noopener noreferrer\">C\/ Ferrocarril, 7, 28821 Coslada<\/a><\/strong><br \/>\n<strong>Telf.\u00a0<a href=\"tel:915712830\">915 71 28 30<\/a><\/strong><\/p>\n<p><em><strong>BILBAO<\/strong><\/em><br \/>\n<strong><a href=\"https:\/\/maps.app.goo.gl\/jvcS8W7ucZeddWqw6\" target=\"_blank\" rel=\"noopener noreferrer\">C\/ Puerto Bidea, 6, 48950 Erandio<\/a><\/strong><br \/>\n<strong>Telf.\u00a0<a href=\"tel:944272804\">944 27 28 04<\/a><\/strong><\/p>\n<p><em><strong>LISBOA<\/strong><\/em><br \/>\n<strong><a href=\"https:\/\/maps.app.goo.gl\/HwqZAmbDbkL6mysQ8\">R. Carlos Lopes, 6, 2635-209 Rio Do Mouro<\/a><\/strong><br \/>\n<strong>Telf.\u00a0<a href=\"tel:+351211308651\">+351 211 308 651<\/a><\/strong><\/p>\n<p><em><strong>OPORTO<\/strong><\/em><br \/>\n<strong><a href=\"https:\/\/maps.app.goo.gl\/nePaZpr9noibeYtd8\">R. Economia, 35, 4760-774 Vilarinho das Cambas<\/a><br \/>\nTelf.\u00a0<a href=\"tel:+351211308651\">+351 211 308 651<\/a><\/strong>[\/vc_column_text][\/vc_column_inner][\/vc_row_inner][\/vc_column][\/vc_row]<\/p>\n<\/div>","protected":false},"excerpt":{"rendered":"<p>[vc_row row_style=&#8221;full-width&#8221; overlap=&#8221;bottom&#8221; overlap_distance=&#8221;0&#8243; overlap_index=&#8221;50&#8243; padding_size=&#8221;no-padding&#8221;][vc_column padding_size=&#8221;no-padding&#8221;][wyde_section_separator style=&#8221;mountain-alt&#8221; background_color=&#8221;#000000&#8243;][\/vc_column][\/vc_row][vc_row padding_size=&#8221;m-padding&#8221; background_position=&#8221;center top&#8221; background_color=&#8221;#000000&#8243; bg_image_url=&#8221;http:\/\/wydethemes.com\/overlap\/wp-content\/uploads\/2016\/03\/overlap-bg-049-150&#215;150.jpg&#8221; background_image=&#8221;5525&#8243;][vc_column][vc_row_inner text_style=&#8221;light&#8221;][vc_column_inner width=&#8221;1\/3&#8243;][wyde_heading style=&#8221;7&#8243; text_align=&#8221;left&#8221; title=&#8221;Bluenatur&#8221;][vc_empty_space height=&#8221;15px&#8221;][vc_column_text]Empresa d&#8217;aromatitzaci\u00f3 i eliminaci\u00f3 de males olors amb un gran coneixement del sector, la millor selecci\u00f3 d&#8217;ess\u00e8ncies juntament amb els dispositius m\u00e9s avan\u00e7ats.[\/vc_column_text][wyde_separator style=&#8221;dashed&#8221; el_width=&#8221;80%&#8221;][vc_column_text]Descobreix les nostres solucions per a lavabos p\u00fablics:[\/vc_column_text][vc_empty_space height=&#8221;15px&#8221;][vc_single_image onclick=&#8221;custom_link&#8221; image=&#8221;9502&#8243; [&hellip;]<\/p>\n","protected":false},"author":1,"featured_media":0,"parent":6892,"menu_order":0,"comment_status":"closed","ping_status":"closed","template":"","meta":{"footnotes":""},"class_list":["post-6992","page","type-page","status-publish","hentry"],"jetpack_sharing_enabled":true,"_links":{"self":[{"href":"https:\/\/www.bluenatur.com\/ca\/wp-json\/wp\/v2\/pages\/6992","targetHints":{"allow":["GET"]}}],"collection":[{"href":"https:\/\/www.bluenatur.com\/ca\/wp-json\/wp\/v2\/pages"}],"about":[{"href":"https:\/\/www.bluenatur.com\/ca\/wp-json\/wp\/v2\/types\/page"}],"author":[{"embeddable":true,"href":"https:\/\/www.bluenatur.com\/ca\/wp-json\/wp\/v2\/users\/1"}],"replies":[{"embeddable":true,"href":"https:\/\/www.bluenatur.com\/ca\/wp-json\/wp\/v2\/comments?post=6992"}],"version-history":[{"count":34,"href":"https:\/\/www.bluenatur.com\/ca\/wp-json\/wp\/v2\/pages\/6992\/revisions"}],"predecessor-version":[{"id":9919,"href":"https:\/\/www.bluenatur.com\/ca\/wp-json\/wp\/v2\/pages\/6992\/revisions\/9919"}],"up":[{"embeddable":true,"href":"https:\/\/www.bluenatur.com\/ca\/wp-json\/wp\/v2\/pages\/6892"}],"wp:attachment":[{"href":"https:\/\/www.bluenatur.com\/ca\/wp-json\/wp\/v2\/media?parent=6992"}],"curies":[{"name":"wp","href":"https:\/\/api.w.org\/{rel}","templated":true}]}}