{"id":6922,"date":"2016-06-02T17:21:42","date_gmt":"2016-06-02T17:21:42","guid":{"rendered":"http:\/\/www.ambinatur.com\/ca\/ambientadores-profesionales\/"},"modified":"2026-01-07T19:04:37","modified_gmt":"2026-01-07T17:04:37","slug":"ambientadors-profesionals","status":"publish","type":"page","link":"https:\/\/www.bluenatur.com\/ca\/ambientadors-profesionals\/","title":{"rendered":"Dispositius"},"content":{"rendered":"<div class=\"wpb-content-wrapper\"><p>[vc_row overlap=&#8221;bottom&#8221; overlap_distance=&#8221;0&#8243; overlap_index=&#8221;50&#8243; padding_size=&#8221;l-padding&#8221; css=&#8221;.vc_custom_1445754657417{padding-bottom: 0px !important;}&#8221;][vc_column overlap=&#8221;bottom&#8221; overlap_distance=&#8221;0&#8243; overlap_index=&#8221;50&#8243; width=&#8221;1\/3&#8243;][wyde_heading style=&#8221;2&#8243; text_align=&#8221;left&#8221; title=&#8221;Aconsegueix&#8221; subheading=&#8221;una aromatitzaci\u00f3 uniforme&#8221;][vc_empty_space][vc_column_text]<\/p>\n<p style=\"text-align: justify;\">Utilitza, per a la difusi\u00f3 de frag\u00e0ncies, la tecnologia dels nostres exclusius dispositius que presenten els dissenys m\u00e9s avan\u00e7ats. Amb ells, aconseguir\u00e0s una aromatitzaci\u00f3 uniforme per a qualsevol espai. Amb les part\u00edcules de les nostres frag\u00e0ncies aconseguir\u00e0s la seva difusi\u00f3 i perman\u00e8ncia en l&#8217;ambient durant molt de temps. Personalitza els teus espais amb dissenys neutres adaptables a qualsevol tipus de decoraci\u00f3.<\/p>\n<p>[\/vc_column_text][\/vc_column][vc_column width=&#8221;1\/3&#8243;][vc_single_image img_size=&#8221;overlap-fullwidth&#8221; alignment=&#8221;center&#8221; image=&#8221;9636&#8243;][\/vc_column][vc_column width=&#8221;1\/3&#8243;][vc_single_image img_size=&#8221;overlap-large&#8221; image=&#8221;9634&#8243;][vc_empty_space height=&#8221;60px&#8221;][\/vc_column][\/vc_row][vc_row padding_size=&#8221;no-padding&#8221; parallax=&#8221;parallax&#8221; bg_image_url=&#8221;http:\/\/santaelisabet.com\/1sites\/ambinatur\/wp-content\/uploads\/2016\/06\/dispositivos-ambientacion-ambinatur-150&#215;150.jpg&#8221; background_image=&#8221;6601&#8243;][vc_column width=&#8221;1\/3&#8243; offset=&#8221;vc_hidden-sm vc_hidden-xs&#8221;][\/vc_column][vc_column overlap=&#8221;bottom&#8221; overlap_distance=&#8221;100px&#8221; overlap_index=&#8221;50&#8243; width=&#8221;2\/3&#8243;][vc_row_inner background_color=&#8221;#ffffff&#8221; css=&#8221;.vc_custom_1445753439968{padding-top: 30px !important;padding-right: 15px !important;padding-bottom: 30px !important;padding-left: 15px !important;}&#8221;][vc_column_inner width=&#8221;1\/2&#8243;][vc_single_image img_size=&#8221;overlap-fullwidth&#8221; alignment=&#8221;center&#8221; image=&#8221;8528&#8243;][\/vc_column_inner][vc_column_inner overlap=&#8221;right&#8221; overlap_distance=&#8221;0&#8243; overlap_index=&#8221;50&#8243; width=&#8221;1\/2&#8243;][wyde_heading style=&#8221;6&#8243; text_align=&#8221;left&#8221; title=&#8221;Personalitza&#8221; subheading=&#8221;els teus espais&#8221;][vc_empty_space height=&#8221;20px&#8221;][vc_column_text]<\/p>\n<p style=\"text-align: justify;\">Els nostres dispositius ofereixen la possibilitat de regular l&#8217;horari i la intensitat, aix\u00f2 ens permet optimitzar el consum de l&#8217;ess\u00e8ncia i ajustar al m\u00ednim el consum del producte. Altres dispositius ens ofereixen la possibilitat de connectar-los al sistema de climatitzaci\u00f3 de l&#8217;espai aconseguint aix\u00ed una distribuci\u00f3 uniforme de la frag\u00e0ncia per a tot tipus d&#8217;espais.<\/p>\n<p>[\/vc_column_text][\/vc_column_inner][\/vc_row_inner][\/vc_column][\/vc_row][vc_row padding_size=&#8221;no-padding&#8221;][vc_column offset=&#8221;vc_hidden-sm vc_hidden-xs&#8221;][vc_empty_space height=&#8221;100px&#8221;][\/vc_column][\/vc_row][vc_row row_style=&#8221;full-width&#8221; overlap=&#8221;right&#8221;][vc_column overlap=&#8221;left&#8221;][vc_empty_space height=&#8221;60px&#8221;][wyde_heading style=&#8221;4&#8243; title=&#8221;Dispositius&#8221; subheading=&#8221;BLUENATUR&#8221; animation=&#8221;slideInLeft&#8221;][wyde_slider][wyde_slide title=&#8221;BLUENEBUL 100&#8243; slide_id=&#8221;1517239232358-5-8&#8243; subtitle=&#8221;Microdifusi\u00f3 10 &#8211; 30m\u00b2&#8221; image=&#8221;9556&#8243;]<\/p>\n<p style=\"text-align: justify;\">Ideal per a aromatitzar petits espais.\u00a0El seu disseny neutre fa que sigui un element que podem personalitzar i adaptar a qualsevol mena de decoraci\u00f3.\u00a0Hi ha la possibilitat de regular l&#8217;horari i la intensitat de l&#8217;aroma.<\/p>\n<p>[\/wyde_slide][wyde_slide title=&#8221;BLUENEBUL 150&#8243; slide_id=&#8221;1466174743044-2-0&#8243; subtitle=&#8221;Micro difusi\u00f3 50 &#8211; 100m\u00b2&#8221; image=&#8221;9559&#8243;]<\/p>\n<p align=\"justify\">El seu disseny neutre i la possibilitat de personalitzaci\u00f3 al gust del client fa que sigui un element atractiu i adaptable a qualsevol tipus de decoraci\u00f3. Tamb\u00e9 s&#8217;adapta al sistema de climatitzaci\u00f3 aconseguint aix\u00ed una distribuci\u00f3 uniforme.<\/p>\n<p>[\/wyde_slide][wyde_slide title=&#8221;BLUENEBUL 200&#8243; slide_id=&#8221;1516985556027-5-2&#8243; subtitle=&#8221;Micro difusi\u00f3 200m\u00b2&#8221; image=&#8221;9708&#8243;]<\/p>\n<p align=\"justify\">T\u00e9 un disseny elegant i minimalista. Ideal per aromatitzar des de petits a grans espais de manera silenciosa, homog\u00e8nia i neta. Una boirina seca de frag\u00e0ncia s&#8217;expandeix de manera efica\u00e7 i cont\u00ednua per tota l&#8217;estada.<\/p>\n<p>[\/wyde_slide][wyde_slide title=&#8221;BLUENEBUL 500&#8243; slide_id=&#8221;1466174902833-3-7&#8243; subtitle=&#8221;Micro difusi\u00f3 100 &#8211; 300m\u00b2&#8221; image=&#8221;9562&#8243;]<\/p>\n<p align=\"justify\">El seu disseny neutre i la possibilitat de personalitzar-la al gust del client fa que sigui un element atractiu i adaptable a qualsevol tipus de decoraci\u00f3. Tamb\u00e9 s&#8217;adapta al sistema de climatitzaci\u00f3 aconseguint aix\u00ed una distribuci\u00f3 uniforme.<\/p>\n<p>[\/wyde_slide][wyde_slide title=&#8221;BLUENEBUL 1000&#8243; slide_id=&#8221;1466174966183-4-8&#8243; subtitle=&#8221;Micro difusi\u00f3 500m\u00b2&#8221; image=&#8221;9565&#8243;]<\/p>\n<p align=\"justify\">Ens ofereix la m\u00e0xima pot\u00e8ncia amb el seu disseny innovador. Utilitza, per a la difusi\u00f3 de frag\u00e0ncies, la tecnologia de micro nebulitzaci\u00f3 que transforma les mol\u00e8cules de frag\u00e0ncia en micres, assegurant una aromatitzaci\u00f3 perfecta.<\/p>\n<p>[\/wyde_slide][wyde_slide title=&#8221;BLUENEBUL 2500&#8243; slide_id=&#8221;1767805086408-5-7&#8243; subtitle=&#8221;Micro difusi\u00f3n 500m\u00b2&#8221; image=&#8221;9568&#8243;]<\/p>\n<p align=\"justify\">La pot\u00e8ncia m\u00e0xima d&#8217;aromatitzaci\u00f3. El sistema de micro nebulitzaci\u00f3 ens permet connectar-lo al sistema de climatitzaci\u00f3 transformant les mol\u00e8cules de frag\u00e0ncia en part\u00edcules uniformes per a tot l&#8217;espai.<\/p>\n<p>[\/wyde_slide][wyde_slide title=&#8221;BLUENEBUL TOWER&#8221; slide_id=&#8221;1767805194659-6-6&#8243; subtitle=&#8221;Micro difusi\u00f3n 500m\u00b2&#8221; image=&#8221;9724&#8243;]<\/p>\n<p align=\"justify\">\u00c9s un nebulitzador amb connectivitat Bluetooth que es programa a trav\u00e9s del tel\u00e8fon m\u00f2bil. Est\u00e0 recomanat pels clients m\u00e9s exigents amb el disseny i la decoraci\u00f3.<\/p>\n<p>[\/wyde_slide][\/wyde_slider][\/vc_column][\/vc_row][vc_row padding_size=&#8221;no-padding&#8221;][vc_column offset=&#8221;vc_hidden-sm vc_hidden-xs&#8221;][vc_empty_space height=&#8221;100px&#8221;][\/vc_column][\/vc_row][vc_row row_style=&#8221;full-width&#8221; equal_height=&#8221;true&#8221; vertical_align=&#8221;middle&#8221; padding_size=&#8221;no-padding&#8221; background_color=&#8221;#2f496a&#8221;][vc_column text_align=&#8221;center&#8221; padding_size=&#8221;l-padding&#8221; width=&#8221;1\/2&#8243;][vc_empty_space height=&#8221;20px&#8221;][vc_custom_heading text=&#8221;Quin \u00e9s l&#8217;espai que desitges aromatitzar?&#8221; font_container=&#8221;tag:h2|text_align:center|color:%23ffffff&#8221; google_fonts=&#8221;font_family:Playfair%20Display%3Aregular%2Citalic%2C700%2C700italic%2C900%2C900italic|font_style:700%20bold%20regular%3A700%3Anormal&#8221;][wyde_separator text_align=&#8221;center&#8221; color=&#8221;#ffffff&#8221;][vc_column_text]<span style=\"color: #ffffff;\">Els nostres professionals et visitaran i t&#8217;assessoraran sense cap comprom\u00eds per trobar l&#8217;aromatitzaci\u00f3 perfecta per la teva empresa.<\/span>[\/vc_column_text][vc_empty_space height=&#8221;40px&#8221;][wyde_link_button icon_set=&#8221;simple_line&#8221; style=&#8221;outline&#8221; size=&#8221;large&#8221; icon_simple_line=&#8221;sl-mouse&#8221; title=&#8221;CONTACTA AMB NOSALTRES&#8221; link=&#8221;url:http%3A%2F%2Fwww.bluenatur.com%2Fca%2Fcontactebarcelona%2F||&#8221; color=&#8221;#ffffff&#8221; hover_color=&#8221;#000000&#8243;][vc_empty_space height=&#8221;20px&#8221;][\/vc_column][vc_column padding_size=&#8221;no-padding&#8221; background_style=&#8221;cover&#8221; background_position=&#8221;right top&#8221; width=&#8221;1\/2&#8243; bg_image_url=&#8221;http:\/\/santaelisabet.com\/1sites\/ambinatur\/wp-content\/uploads\/2016\/06\/atencionalclienteambinatur-150&#215;150.jpg&#8221; background_image=&#8221;6638&#8243;][vc_empty_space height=&#8221;400px&#8221;][\/vc_column][\/vc_row][vc_row][vc_column][wyde_clients_carousel image_size=&#8221;full&#8221; visible_items=&#8221;5&#8243; show_pagination=&#8221;true&#8221; auto_play=&#8221;true&#8221; images=&#8221;7808,8148,8142,9571,9574,9595,9581,9577,9579,9592,9590,9588,9586,9584,9605&#8243;][vc_empty_space height=&#8221;40px&#8221;][\/vc_column][\/vc_row]<\/p>\n<\/div>","protected":false},"excerpt":{"rendered":"<p>[vc_row overlap=&#8221;bottom&#8221; overlap_distance=&#8221;0&#8243; overlap_index=&#8221;50&#8243; padding_size=&#8221;l-padding&#8221; css=&#8221;.vc_custom_1445754657417{padding-bottom: 0px !important;}&#8221;][vc_column overlap=&#8221;bottom&#8221; overlap_distance=&#8221;0&#8243; overlap_index=&#8221;50&#8243; width=&#8221;1\/3&#8243;][wyde_heading style=&#8221;2&#8243; text_align=&#8221;left&#8221; title=&#8221;Aconsegueix&#8221; subheading=&#8221;una aromatitzaci\u00f3 uniforme&#8221;][vc_empty_space][vc_column_text] Utilitza, per a la difusi\u00f3 de frag\u00e0ncies, la tecnologia dels nostres exclusius dispositius que presenten els dissenys m\u00e9s avan\u00e7ats. Amb ells, aconseguir\u00e0s una aromatitzaci\u00f3 uniforme per a qualsevol espai. Amb les part\u00edcules de les nostres frag\u00e0ncies aconseguir\u00e0s [&hellip;]<\/p>\n","protected":false},"author":1,"featured_media":0,"parent":0,"menu_order":0,"comment_status":"closed","ping_status":"closed","template":"","meta":{"footnotes":""},"class_list":["post-6922","page","type-page","status-publish","hentry"],"jetpack_sharing_enabled":true,"_links":{"self":[{"href":"https:\/\/www.bluenatur.com\/ca\/wp-json\/wp\/v2\/pages\/6922","targetHints":{"allow":["GET"]}}],"collection":[{"href":"https:\/\/www.bluenatur.com\/ca\/wp-json\/wp\/v2\/pages"}],"about":[{"href":"https:\/\/www.bluenatur.com\/ca\/wp-json\/wp\/v2\/types\/page"}],"author":[{"embeddable":true,"href":"https:\/\/www.bluenatur.com\/ca\/wp-json\/wp\/v2\/users\/1"}],"replies":[{"embeddable":true,"href":"https:\/\/www.bluenatur.com\/ca\/wp-json\/wp\/v2\/comments?post=6922"}],"version-history":[{"count":42,"href":"https:\/\/www.bluenatur.com\/ca\/wp-json\/wp\/v2\/pages\/6922\/revisions"}],"predecessor-version":[{"id":9747,"href":"https:\/\/www.bluenatur.com\/ca\/wp-json\/wp\/v2\/pages\/6922\/revisions\/9747"}],"wp:attachment":[{"href":"https:\/\/www.bluenatur.com\/ca\/wp-json\/wp\/v2\/media?parent=6922"}],"curies":[{"name":"wp","href":"https:\/\/api.w.org\/{rel}","templated":true}]}}