{"id":6907,"date":"2016-05-26T11:10:39","date_gmt":"2016-05-26T11:10:39","guid":{"rendered":"http:\/\/www.ambinatur.com\/ca\/contacto\/"},"modified":"2026-02-09T17:51:48","modified_gmt":"2026-02-09T15:51:48","slug":"contactebarcelona","status":"publish","type":"page","link":"https:\/\/www.bluenatur.com\/ca\/contactebarcelona\/","title":{"rendered":"Barcelona"},"content":{"rendered":"<div class=\"wpb-content-wrapper\"><p>[vc_row row_style=&#8221;full-width&#8221; vertical_align=&#8221;middle&#8221; padding_size=&#8221;no-padding&#8221; css=&#8221;.vc_custom_1466161354850{padding-top: 0px !important;}&#8221;][vc_column padding_size=&#8221;no-padding&#8221; width=&#8221;1\/2&#8243;][wyde_gmaps height=&#8221;900&#8243; values=&#8221;%5B%7B%22address%22%3A%22Carrer%20de%20l&#8217;Esla%2022%20Nau%2011%20Terrassa%20Barcelona%22%2C%22location%22%3A%2241.551056%2C%202.031694%22%7D%5D&#8221; gmaps=&#8221;%7B%22zoom%22%3A17%2C%22type%22%3A%22roadmap%22%2C%22center%22%3A%7B%22lat%22%3A41.55142473625749%2C%22lng%22%3A2.031693999999984%7D%2C%22locations%22%3A%5B%7B%22address%22%3A%22PASEO%20JONCARETS%2C%20107%2C%20SURIA%22%2C%22position%22%3A%7B%22lat%22%3A41.8343311%2C%22lng%22%3A1.7620286%7D%7D%5D%7D&#8221; color=&#8221;#1e73be&#8221; icon=&#8221;7852&#8243;][\/vc_column][vc_column overlap=&#8221;left&#8221; overlap_distance=&#8221;100px&#8221; overlap_index=&#8221;100&#8243; width=&#8221;1\/2&#8243;][vc_row_inner background_color=&#8221;#ffffff&#8221; css=&#8221;.vc_custom_1453204536694{padding: 5% !important;}&#8221;][vc_column_inner width=&#8221;1\/2&#8243;][vc_custom_heading text=&#8221;Contacta amb nosaltres&#8221; google_fonts=&#8221;font_family:Playfair%20Display%3Aregular%2Citalic%2C700%2C700italic%2C900%2C900italic|font_style:700%20bold%20regular%3A700%3Anormal&#8221;][\/vc_column_inner][vc_column_inner text_align=&#8221;right&#8221; width=&#8221;1\/2&#8243;][vc_column_text]BLUENATUR &amp; SH FACILITY SERVICES, S.L.<br \/>\n<a href=\"https:\/\/www.google.com\/maps\/place\/41%C2%B033'03.8%22N+2%C2%B001'54.1%22E\/@41.5507464,2.031445,18.48z\/data=!4m13!1m8!3m7!1s0x12a4930499f68bef:0x5687708b7da82adc!2sCarrer+de+l'Esla,+22,+08223+Terrassa,+Barcelona!3b1!8m2!3d41.5517839!4d2.0327878!16s%2Fg%2F11c2710ngp!3m3!8m2!3d41.551065!4d2.031692\" target=\"_blank\" rel=\"noopener noreferrer\">Carrer de l&#8217;Esla, 22, Nau 11<br \/>\n08223, Terrassa (Barcelona)<\/a><br \/>\nTelf. <a href=\"tel:938682862\">93 868 28 62<\/a>[\/vc_column_text][vc_empty_space][\/vc_column_inner][vc_column_inner padding_size=&#8221;no-padding&#8221;][vc_empty_space height=&#8221;10px&#8221;]\n<div class=\"wpcf7 no-js\" id=\"wpcf7-f9797-o1\" lang=\"en-US\" dir=\"ltr\" data-wpcf7-id=\"9797\">\n<div class=\"screen-reader-response\"><p role=\"status\" aria-live=\"polite\" aria-atomic=\"true\"><\/p> <ul><\/ul><\/div>\n<form action=\"\/ca\/wp-json\/wp\/v2\/pages\/6907#wpcf7-f9797-o1\" method=\"post\" class=\"wpcf7-form init\" aria-label=\"Contact form\" novalidate=\"novalidate\" data-status=\"init\">\n<fieldset class=\"hidden-fields-container\"><input type=\"hidden\" name=\"_wpcf7\" value=\"9797\" \/><input type=\"hidden\" name=\"_wpcf7_version\" value=\"6.1.5\" \/><input type=\"hidden\" name=\"_wpcf7_locale\" value=\"en_US\" \/><input type=\"hidden\" name=\"_wpcf7_unit_tag\" value=\"wpcf7-f9797-o1\" \/><input type=\"hidden\" name=\"_wpcf7_container_post\" value=\"0\" \/><input type=\"hidden\" name=\"_wpcf7_posted_data_hash\" value=\"\" \/><input type=\"hidden\" name=\"_wpcf7_recaptcha_response\" value=\"\" \/>\n<\/fieldset>\n<p><label> Nom<br \/>\n<span class=\"wpcf7-form-control-wrap\" data-name=\"nombre\"><input size=\"40\" maxlength=\"400\" class=\"wpcf7-form-control wpcf7-text wpcf7-validates-as-required\" aria-required=\"true\" aria-invalid=\"false\" value=\"\" type=\"text\" name=\"nombre\" \/><\/span><br \/>\n<\/label>\n<\/p>\n<p><label> Email<br \/>\n<span class=\"wpcf7-form-control-wrap\" data-name=\"email\"><input size=\"40\" maxlength=\"400\" class=\"wpcf7-form-control wpcf7-email wpcf7-validates-as-required wpcf7-text wpcf7-validates-as-email\" aria-required=\"true\" aria-invalid=\"false\" value=\"\" type=\"email\" name=\"email\" \/><\/span><br \/>\n<\/label>\n<\/p>\n<p><label> N\u00famero Tel\u00e8fon<br \/>\n<span class=\"wpcf7-form-control-wrap\" data-name=\"telefono\"><input size=\"40\" maxlength=\"400\" class=\"wpcf7-form-control wpcf7-tel wpcf7-validates-as-required wpcf7-text wpcf7-validates-as-tel\" aria-required=\"true\" aria-invalid=\"false\" value=\"\" type=\"tel\" name=\"telefono\" \/><\/span><br \/>\n<\/label>\n<\/p>\n<p><label> Empresa<br \/>\n<span class=\"wpcf7-form-control-wrap\" data-name=\"empresa\"><input size=\"40\" maxlength=\"400\" class=\"wpcf7-form-control wpcf7-text\" aria-invalid=\"false\" value=\"\" type=\"text\" name=\"empresa\" \/><\/span><br \/>\n<\/label>\n<\/p>\n<p><label> Prov\u00edncia<br \/>\n<span class=\"wpcf7-form-control-wrap\" data-name=\"provincia\"><select class=\"wpcf7-form-control wpcf7-select wpcf7-validates-as-required\" aria-required=\"true\" aria-invalid=\"false\" name=\"provincia\"><option value=\"Barcelona\">Barcelona<\/option><option value=\"Madrid\">Madrid<\/option><option value=\"Bilbao\">Bilbao<\/option><option value=\"Lisboa\">Lisboa<\/option><\/select><\/span><br \/>\n<\/label>\n<\/p>\n<p><label> Missatge<br \/>\n<span class=\"wpcf7-form-control-wrap\" data-name=\"mensaje\"><textarea cols=\"40\" rows=\"10\" maxlength=\"2000\" class=\"wpcf7-form-control wpcf7-textarea\" aria-invalid=\"false\" placeholder=\"Explica&#039;ns sobre les teves necessitats...\" name=\"mensaje\"><\/textarea><\/span><br \/>\n<\/label>\n<\/p>\n<p><input class=\"wpcf7-form-control wpcf7-submit has-spinner\" type=\"submit\" value=\"Enviar\" \/>\n<\/p>\n<p><span class=\"texto-legal\">De conformitat amb el que estableix la normativa vigent en Protecci\u00f3 de Dades de Car\u00e0cter Personal, l'informem que les seves dades seran incorporades al sistema de tractament titularitat de BLUENATUR & SH FACILITY SERVICES SL amb CIF B66665159 i domicili social situat a C\/ DE L'ESLA, 22, NAVE 11, 08223 TERRASSA (BARCELONA), amb la finalitat d'atendre les seves consultes. En compliment amb la normativa vigent, BLUENATUR & SH FACILITY SERVICES SL informa que les dades seran conservades durant el termini estrictament necessari per complir amb els preceptes esmentats anteriorment.<br \/>\nMentre no ens comuniqui el contrari, entendrem que les seves dades no han estat modificades, que vost\u00e8 es compromet a notificar-nos qualsevol variaci\u00f3 i que tenim el seu consentiment per utilitzar-los per les finalitats esmentades. BLUENATUR & SH FACILITY SERVICES SL informa que procedir\u00e0 a tractar les dades de manera l\u00edcita, lleial, transparent, adequada, pertinent, limitada, exacta i actualitzada. \u00c9s per aix\u00f2 que BLUENATUR & SH FACILITY SERVICES SL es compromet a adoptar totes les mesures raonables perqu\u00e8 aquests se suprimeixin o rectifiquin sense dilaci\u00f3 quan siguin inexactes. D'acord amb els drets que li confereix la normativa vigent en protecci\u00f3 de dades podr\u00e0 exercir els drets d'acc\u00e9s, rectificaci\u00f3, limitaci\u00f3 de tractament, supressi\u00f3, portabilitat i oposici\u00f3 al tractament de les seves dades de car\u00e0cter personal aix\u00ed com del consentiment prestat per al tractament d'aquests, dirigint la seva petici\u00f3 a l'adre\u00e7a postal indicada m\u00e9s amunt. Podr\u00e0 dirigir-se a l'Autoritat de Control competent per a presentar la reclamaci\u00f3 que consideri oportuna. L'enviament d'aquestes dades implica l'acceptaci\u00f3 d'aquesta cl\u00e0usula.<\/span>\n<\/p><div class=\"wpcf7-response-output\" aria-hidden=\"true\"><\/div>\n<\/form>\n<\/div>\n[\/vc_column_inner][\/vc_row_inner][vc_row_inner][vc_column_inner offset=&#8221;vc_hidden-lg vc_hidden-md&#8221;][vc_empty_space height=&#8221;95px&#8221;][\/vc_column_inner][\/vc_row_inner][\/vc_column][\/vc_row]<\/p>\n<\/div>","protected":false},"excerpt":{"rendered":"<p>[vc_row row_style=&#8221;full-width&#8221; vertical_align=&#8221;middle&#8221; padding_size=&#8221;no-padding&#8221; css=&#8221;.vc_custom_1466161354850{padding-top: 0px !important;}&#8221;][vc_column padding_size=&#8221;no-padding&#8221; width=&#8221;1\/2&#8243;][wyde_gmaps height=&#8221;900&#8243; values=&#8221;%5B%7B%22address%22%3A%22Carrer%20de%20l&#8217;Esla%2022%20Nau%2011%20Terrassa%20Barcelona%22%2C%22location%22%3A%2241.551056%2C%202.031694%22%7D%5D&#8221; gmaps=&#8221;%7B%22zoom%22%3A17%2C%22type%22%3A%22roadmap%22%2C%22center%22%3A%7B%22lat%22%3A41.55142473625749%2C%22lng%22%3A2.031693999999984%7D%2C%22locations%22%3A%5B%7B%22address%22%3A%22PASEO%20JONCARETS%2C%20107%2C%20SURIA%22%2C%22position%22%3A%7B%22lat%22%3A41.8343311%2C%22lng%22%3A1.7620286%7D%7D%5D%7D&#8221; color=&#8221;#1e73be&#8221; icon=&#8221;7852&#8243;][\/vc_column][vc_column overlap=&#8221;left&#8221; overlap_distance=&#8221;100px&#8221; overlap_index=&#8221;100&#8243; width=&#8221;1\/2&#8243;][vc_row_inner background_color=&#8221;#ffffff&#8221; css=&#8221;.vc_custom_1453204536694{padding: 5% !important;}&#8221;][vc_column_inner width=&#8221;1\/2&#8243;][vc_custom_heading text=&#8221;Contacta amb nosaltres&#8221; google_fonts=&#8221;font_family:Playfair%20Display%3Aregular%2Citalic%2C700%2C700italic%2C900%2C900italic|font_style:700%20bold%20regular%3A700%3Anormal&#8221;][\/vc_column_inner][vc_column_inner text_align=&#8221;right&#8221; width=&#8221;1\/2&#8243;][vc_column_text]BLUENATUR &amp; SH FACILITY SERVICES, S.L. Carrer de l&#8217;Esla, 22, Nau 11 08223, Terrassa (Barcelona) Telf. 93 868 28 62[\/vc_column_text][vc_empty_space][\/vc_column_inner][vc_column_inner padding_size=&#8221;no-padding&#8221;][vc_empty_space height=&#8221;10px&#8221;][\/vc_column_inner][\/vc_row_inner][vc_row_inner][vc_column_inner offset=&#8221;vc_hidden-lg vc_hidden-md&#8221;][vc_empty_space height=&#8221;95px&#8221;][\/vc_column_inner][\/vc_row_inner][\/vc_column][\/vc_row]<\/p>\n","protected":false},"author":1,"featured_media":0,"parent":0,"menu_order":0,"comment_status":"closed","ping_status":"closed","template":"","meta":{"footnotes":""},"class_list":["post-6907","page","type-page","status-publish","hentry"],"jetpack_sharing_enabled":true,"_links":{"self":[{"href":"https:\/\/www.bluenatur.com\/ca\/wp-json\/wp\/v2\/pages\/6907","targetHints":{"allow":["GET"]}}],"collection":[{"href":"https:\/\/www.bluenatur.com\/ca\/wp-json\/wp\/v2\/pages"}],"about":[{"href":"https:\/\/www.bluenatur.com\/ca\/wp-json\/wp\/v2\/types\/page"}],"author":[{"embeddable":true,"href":"https:\/\/www.bluenatur.com\/ca\/wp-json\/wp\/v2\/users\/1"}],"replies":[{"embeddable":true,"href":"https:\/\/www.bluenatur.com\/ca\/wp-json\/wp\/v2\/comments?post=6907"}],"version-history":[{"count":30,"href":"https:\/\/www.bluenatur.com\/ca\/wp-json\/wp\/v2\/pages\/6907\/revisions"}],"predecessor-version":[{"id":9805,"href":"https:\/\/www.bluenatur.com\/ca\/wp-json\/wp\/v2\/pages\/6907\/revisions\/9805"}],"wp:attachment":[{"href":"https:\/\/www.bluenatur.com\/ca\/wp-json\/wp\/v2\/media?parent=6907"}],"curies":[{"name":"wp","href":"https:\/\/api.w.org\/{rel}","templated":true}]}}