{"id":6892,"date":"2016-06-02T08:36:14","date_gmt":"2016-06-02T08:36:14","guid":{"rendered":"http:\/\/www.ambinatur.com\/ca\/ambinatur\/"},"modified":"2026-01-07T18:50:25","modified_gmt":"2026-01-07T16:50:25","slug":"bluenatur","status":"publish","type":"page","link":"https:\/\/www.bluenatur.com\/ca\/","title":{"rendered":"Bluenatur"},"content":{"rendered":"<div class=\"wpb-content-wrapper\"><p>[vc_row row_style=&#8221;full-width&#8221; vertical_align=&#8221;middle&#8221; padding_size=&#8221;no-padding&#8221;][vc_column padding_size=&#8221;no-padding&#8221; width=&#8221;1\/4&#8243;][vc_empty_space height=&#8221;150px&#8221;][vc_single_image alignment=&#8221;center&#8221; image=&#8221;8476&#8243; image_retina=&#8221;15&#8243;][\/vc_column][vc_column padding_size=&#8221;no-padding&#8221; width=&#8221;3\/4&#8243;][rev_slider_vc alias=&#8221;inici-cat-actualitzat&#8221; button_style=&#8221;2&#8243;][\/vc_column][\/vc_row][vc_row row_style=&#8221;full-width&#8221; padding_size=&#8221;no-padding&#8221; background_style=&#8221;no-repeat&#8221; background_position=&#8221;right bottom&#8221; bg_image_url=&#8221;http:\/\/www.ambinatur.com\/wp-content\/uploads\/2016\/06\/ambinatur-cat-150&#215;150.jpg&#8221; background_image=&#8221;6917&#8243;][vc_column overlap=&#8221;top&#8221; overlap_distance=&#8221;90px&#8221; overlap_index=&#8221;50&#8243; padding_size=&#8221;no-padding&#8221; width=&#8221;1\/3&#8243;][vc_single_image image=&#8221;8481&#8243;][\/vc_column][vc_column padding_size=&#8221;l-padding&#8221; width=&#8221;2\/3&#8243;][vc_empty_space height=&#8221;40px&#8221;][vc_row_inner vertical_align=&#8221;bottom&#8221;][vc_column_inner offset=&#8221;vc_col-lg-4 vc_col-md-12&#8243;][wyde_heading style=&#8221;2&#8243; text_align=&#8221;left&#8221; title=&#8221;La nostra hist\u00f2ria&#8221; subheading=&#8221;Qui som?&#8221;][vc_empty_space height=&#8221;40px&#8221;][vc_column_text]<\/p>\n<p style=\"text-align: justify;\"><span class=\"hiddenSpellError\">Bluenatur<\/span> neix l&#8217;any 2011 com a empresa de serveis d&#8217;aromatitzaci\u00f3 i eliminaci\u00f3 de males olors. Actualment ofereix els seus serveis a nivell nacional. Francesc <span class=\"hiddenSpellError\">Pi\u00f1ero<\/span>, creador de la marca i fundador de l&#8217;empresa prov\u00e9 de la ind\u00fastria de la higiene. Va treballar durant sis anys a l&#8217;empresa capdavantera del sector (<span class=\"hiddenSpellError\">Hygolet<\/span> <span class=\"hiddenSpellError\">Iberia<\/span> S.L.) com a responsable de la distribuci\u00f3 de la zona del mediterrani. Com a resultat de la seva experi\u00e8ncia i despr\u00e9s de visitar centenars de clients i distribu\u00efdors de sectors totalment diferents, Francesc va destacar dues necessitats que sempre es repetien en qualsevol empresa que visitava; aromatitzar algun espai i solucionar problemes de males olors.<\/p>\n<p>[\/vc_column_text][vc_empty_space height=&#8221;20px&#8221;][\/vc_column_inner][vc_column_inner css=&#8221;.vc_custom_1454327053381{padding-top: 0px !important;}&#8221; offset=&#8221;vc_col-lg-4 vc_col-md-12&#8243;][vc_column_text]<\/p>\n<p style=\"text-align: justify;\"><span class=\"hiddenSpellError\">Bluenatur<\/span> t\u00e9 un gran coneixement del sector i aix\u00f2 li permet escollir els millors fabricants d&#8217;ess\u00e8ncies i aconseguir els dispositius m\u00e9s avan\u00e7ats per col\u00b7locar en espais diversos. Alguns sistemes requereixen ser silenciosos (oficines o sales d&#8217;espera), altres requereixen ser potents (hotels o centres comercials), altres que usin bateries (si no tenim connexi\u00f3 a la xarxa el\u00e8ctrica) i altres que necessitin ser connectats en aires condicionats per aconseguir una difusi\u00f3 m\u00e9s uniforme. <span class=\"hiddenSpellError\">Bluenatur<\/span> posa el m\u00e0rqueting olfactiu a l&#8217;abast de petites i grans empreses. Solucions que van des d&#8217;aromatitzar una petita botiga fins a crear una aroma exclusiva per a una cadena hotelera. <span class=\"hiddenSpellError\">Bluenatur<\/span> estableix una relaci\u00f3 permanent amb els seus clients, oferint un servei continu de manteniment amb tots els seus dispositius que deixa un dip\u00f2sit sense costos addicionals.<\/p>\n<p>[\/vc_column_text][\/vc_column_inner][vc_column_inner width=&#8221;1\/3&#8243; offset=&#8221;vc_hidden-md vc_hidden-sm vc_hidden-xs&#8221;][\/vc_column_inner][\/vc_row_inner][\/vc_column][\/vc_row][vc_row row_style=&#8221;full-width&#8221; padding_size=&#8221;m-padding&#8221; css=&#8221;.vc_custom_1455094706589{padding-bottom: 20px !important;}&#8221;][vc_column overlap=&#8221;right&#8221; overlap_index=&#8221;50&#8243; padding_size=&#8221;no-padding&#8221; width=&#8221;1\/6&#8243;][\/vc_column][vc_column width=&#8221;2\/3&#8243;][vc_custom_heading text=&#8221;M\u00e0rqueting olfactiu&#8221; font_container=&#8221;tag:h2|font_size:100px|text_align:left|color:%23d3d3d3|line_height:130px&#8221; google_fonts=&#8221;font_family:Playfair%20Display%3Aregular%2Citalic%2C700%2C700italic%2C900%2C900italic|font_style:700%20bold%20regular%3A700%3Anormal&#8221; animation=&#8221;fadeInLeft&#8221;][vc_single_image image=&#8221;9691&#8243; animation=&#8221;fadeInUp&#8221;][vc_row_inner][vc_column_inner offset=&#8221;vc_hidden-lg vc_hidden-md&#8221;][vc_empty_space height=&#8221;20px&#8221;][\/vc_column_inner][\/vc_row_inner][vc_row_inner overlap=&#8221;top&#8221; overlap_index=&#8221;50&#8243;][vc_column_inner padding_size=&#8221;l-padding&#8221; width=&#8221;2\/3&#8243; css=&#8221;.vc_custom_1454335009160{padding-top: 0px !important;}&#8221;][vc_custom_heading text=&#8221;Una simple aroma \u00e9s capa\u00e7 de portar-nos a llocs rec\u00f2ndits de la nostra mem\u00f2ria. La m\u00e0gia de Bluenatur \u00e9s utilitzar l&#8217;olfacte com un nou canal de comunicaci\u00f3 per despertar emocions i sentiments.&#8221; font_container=&#8221;tag:p|font_size:32px|text_align:left|line_height:44px&#8221; google_fonts=&#8221;font_family:Playfair%20Display%3Aregular%2Citalic%2C700%2C700italic%2C900%2C900italic|font_style:400%20regular%3A400%3Anormal&#8221; animation_delay=&#8221;0.3&#8243; animation=&#8221;fadeInUp&#8221;][\/vc_column_inner][vc_column_inner width=&#8221;1\/3&#8243; offset=&#8221;vc_hidden-sm vc_hidden-xs&#8221;][\/vc_column_inner][\/vc_row_inner][\/vc_column][vc_column width=&#8221;1\/6&#8243; offset=&#8221;vc_hidden-sm vc_hidden-xs&#8221;][\/vc_column][\/vc_row][vc_row row_style=&#8221;full-width&#8221; padding_size=&#8221;no-padding&#8221;][vc_column padding_size=&#8221;no-padding&#8221; width=&#8221;2\/3&#8243;][vc_single_image image=&#8221;9689&#8243; animation=&#8221;fadeInLeft&#8221;][vc_row_inner][vc_column_inner offset=&#8221;vc_hidden-sm vc_hidden-xs&#8221;][vc_empty_space][\/vc_column_inner][\/vc_row_inner][vc_row_inner padding_size=&#8221;no-padding&#8221;][vc_column_inner width=&#8221;1\/3&#8243; offset=&#8221;vc_hidden-sm vc_hidden-xs&#8221;][\/vc_column_inner][vc_column_inner overlap=&#8221;right&#8221; overlap_distance=&#8221;15px&#8221; overlap_index=&#8221;50&#8243; text_align=&#8221;right&#8221; width=&#8221;2\/3&#8243;][vc_column_text]<\/p>\n<p style=\"text-align: justify;\">El mercat cada vegada busca m\u00e9s f\u00f3rmules noves per captivar i atreure clients. <span class=\"hiddenSpellError\">Bluenatur<\/span> proposa solucions personalitzades per a cada tipus d&#8217;empresa. T&#8217;ajudem a fer que el client romangui m\u00e9s temps a les teves instal\u00b7lacions augmentant aix\u00ed les probabilitats de compra i el record de la teva marca amb facilitat.<\/p>\n<p>[\/vc_column_text][\/vc_column_inner][\/vc_row_inner][\/vc_column][vc_column width=&#8221;1\/3&#8243;][vc_row_inner overlap=&#8221;top&#8221; overlap_distance=&#8221;150px&#8221; overlap_index=&#8221;50&#8243;][vc_column_inner][vc_empty_space height=&#8221;360px&#8221;][\/vc_column_inner][\/vc_row_inner][vc_row_inner][vc_column_inner offset=&#8221;vc_hidden-lg vc_hidden-md&#8221;][\/vc_column_inner][\/vc_row_inner][vc_row_inner][vc_column_inner][vc_custom_heading text=&#8221;Solucions&#8221; font_container=&#8221;tag:h2|font_size:65px|text_align:left|line_height:87px&#8221; google_fonts=&#8221;font_family:Playfair%20Display%3Aregular%2Citalic%2C700%2C700italic%2C900%2C900italic|font_style:700%20bold%20regular%3A700%3Anormal&#8221;][wyde_separator border_width=&#8221;5px&#8221; el_width=&#8221;20%&#8221; color=&#8221;#3b6299&#8243;][vc_empty_space][\/vc_column_inner][\/vc_row_inner][vc_row_inner overlap=&#8221;top&#8221; overlap_distance=&#8221;20px&#8221; overlap_index=&#8221;50&#8243;][vc_column_inner width=&#8221;3\/4&#8243;][vc_single_image animation_delay=&#8221;0.4&#8243; image=&#8221;7654&#8243; animation=&#8221;fadeInUp&#8221;][\/vc_column_inner][vc_column_inner padding_size=&#8221;l-padding&#8221; width=&#8221;1\/4&#8243; offset=&#8221;vc_hidden-sm vc_hidden-xs&#8221;][\/vc_column_inner][\/vc_row_inner][\/vc_column][\/vc_row][vc_row row_style=&#8221;full-width&#8221; overlap=&#8221;right&#8221; css=&#8221;.vc_custom_1466174011203{margin-left: 0px !important;}&#8221;][vc_column overlap=&#8221;left&#8221;][wyde_heading style=&#8221;4&#8243; title=&#8221;Frag\u00e0ncies&#8221; subheading=&#8221;bluenatur&#8221; animation=&#8221;slideInLeft&#8221;][wyde_slider][wyde_slide title=&#8221;HERBAL&#8221; slide_id=&#8221;1466161910152-2-7&#8243; subtitle=&#8221;VITALITAT, LLIBERTAT I FRESCOR&#8221; image=&#8221;6529&#8243;]<\/p>\n<p align=\"justify\">Frag\u00e0ncies que aclareixen la ment aportant vitalitat, llibertat i frescor. Les notes <span class=\"hiddenSpellError\">herbals<\/span> s\u00f3n de fulles i pastures recentment tallades indubtablement primaverals.<\/p>\n<p>[\/wyde_slide][wyde_slide title=&#8221;AFRUITADA&#8221; slide_id=&#8221;def1466161727-2-70&#8243; subtitle=&#8221;FRAG\u00c0NCIES MODERNES I ORIGINALS&#8221; image=&#8221;6523&#8243;]<\/p>\n<p align=\"justify\">Frag\u00e0ncies que transmeten felicitat, alegria i positivitat. Les notes afruitades atorguen modernitat i originalitat. El mel\u00f3, la pinya i la poma s\u00f3n les m\u00e9s utilitzades.<\/p>\n<p>[\/wyde_slide][wyde_slide title=&#8221;AFUSTADA&#8221; slide_id=&#8221;1466162079382-6-1&#8243; image=&#8221;6534&#8243; subtitle=&#8221;ENFORTIDORA I ESTIMULANT&#8221;]<\/p>\n<p align=\"justify\">Frag\u00e0ncies que prevenen la depressi\u00f3, l&#8217;insomni i la tensi\u00f3 nerviosa per les seves propietats relaxants. Enforteixen la voluntat, combaten la malenconia i estimulen la ment.<\/p>\n<p>[\/wyde_slide][wyde_slide title=&#8221;FLORAL&#8221; slide_id=&#8221;1466162426908-7-1&#8243; image=&#8221;6535&#8243; subtitle=&#8221;ANTIDEPRESSIVA, ESTIMULANT I SEDUCTORA&#8221;]<\/p>\n<p align=\"justify\">Frag\u00e0ncies amb propietats antidepressives, estimulants i seductores. La nota floral \u00e9s un dels components principals de la perfumeria femenina.<\/p>\n<p>[\/wyde_slide][wyde_slide title=&#8221;GOURMAND&#8221; slide_id=&#8221;def1466161727-1-18&#8243; subtitle=&#8221;REMINISC\u00c8NCIES D&#8217;AROMES COMESTIBLES&#8221; image=&#8221;6516&#8243;]<\/p>\n<p align=\"justify\">Aromes que relaxen ambients carregats i activen records profunds i agradables. Aquestes frag\u00e0ncies es construeixen d&#8217;aromes comestibles especialment dolces.<\/p>\n<p>[\/wyde_slide][wyde_slide title=&#8221;SENSE AL\u00b7L\u00c8RGENS&#8221; slide_id=&#8221;1554997013110-6-0&#8243; image=&#8221;8044&#8243;]<span class=\"tlid-translation translation\" lang=\"ca\"><span title=\"\">Frag\u00e0ncies<\/span> <span title=\"\">lliures<\/span> <span class=\"\" title=\"\">d&#8217;al\u00b7l\u00e8rgens<\/span><span class=\"\" title=\"\">.<\/span><\/span><\/p>\n<div class=\"tlid-results-container results-container\"><\/div>\n<p>[\/wyde_slide][\/wyde_slider][\/vc_column][\/vc_row][vc_row][vc_column][vc_column_text]<\/p>\n<p>[\/vc_column_text][\/vc_column][\/vc_row]<\/p>\n<\/div>","protected":false},"excerpt":{"rendered":"<p>[vc_row row_style=&#8221;full-width&#8221; vertical_align=&#8221;middle&#8221; padding_size=&#8221;no-padding&#8221;][vc_column padding_size=&#8221;no-padding&#8221; width=&#8221;1\/4&#8243;][vc_empty_space height=&#8221;150px&#8221;][vc_single_image alignment=&#8221;center&#8221; image=&#8221;8476&#8243; image_retina=&#8221;15&#8243;][\/vc_column][vc_column padding_size=&#8221;no-padding&#8221; width=&#8221;3\/4&#8243;][rev_slider_vc alias=&#8221;inici-cat-actualitzat&#8221; button_style=&#8221;2&#8243;][\/vc_column][\/vc_row][vc_row row_style=&#8221;full-width&#8221; padding_size=&#8221;no-padding&#8221; background_style=&#8221;no-repeat&#8221; background_position=&#8221;right bottom&#8221; bg_image_url=&#8221;http:\/\/www.ambinatur.com\/wp-content\/uploads\/2016\/06\/ambinatur-cat-150&#215;150.jpg&#8221; background_image=&#8221;6917&#8243;][vc_column overlap=&#8221;top&#8221; overlap_distance=&#8221;90px&#8221; overlap_index=&#8221;50&#8243; padding_size=&#8221;no-padding&#8221; width=&#8221;1\/3&#8243;][vc_single_image image=&#8221;8481&#8243;][\/vc_column][vc_column padding_size=&#8221;l-padding&#8221; width=&#8221;2\/3&#8243;][vc_empty_space height=&#8221;40px&#8221;][vc_row_inner vertical_align=&#8221;bottom&#8221;][vc_column_inner offset=&#8221;vc_col-lg-4 vc_col-md-12&#8243;][wyde_heading style=&#8221;2&#8243; text_align=&#8221;left&#8221; title=&#8221;La nostra hist\u00f2ria&#8221; subheading=&#8221;Qui som?&#8221;][vc_empty_space height=&#8221;40px&#8221;][vc_column_text] Bluenatur neix l&#8217;any 2011 com a empresa de serveis d&#8217;aromatitzaci\u00f3 i eliminaci\u00f3 de males [&hellip;]<\/p>\n","protected":false},"author":1,"featured_media":0,"parent":0,"menu_order":0,"comment_status":"closed","ping_status":"closed","template":"","meta":{"footnotes":""},"class_list":["post-6892","page","type-page","status-publish","hentry"],"jetpack_sharing_enabled":true,"_links":{"self":[{"href":"https:\/\/www.bluenatur.com\/ca\/wp-json\/wp\/v2\/pages\/6892","targetHints":{"allow":["GET"]}}],"collection":[{"href":"https:\/\/www.bluenatur.com\/ca\/wp-json\/wp\/v2\/pages"}],"about":[{"href":"https:\/\/www.bluenatur.com\/ca\/wp-json\/wp\/v2\/types\/page"}],"author":[{"embeddable":true,"href":"https:\/\/www.bluenatur.com\/ca\/wp-json\/wp\/v2\/users\/1"}],"replies":[{"embeddable":true,"href":"https:\/\/www.bluenatur.com\/ca\/wp-json\/wp\/v2\/comments?post=6892"}],"version-history":[{"count":39,"href":"https:\/\/www.bluenatur.com\/ca\/wp-json\/wp\/v2\/pages\/6892\/revisions"}],"predecessor-version":[{"id":9737,"href":"https:\/\/www.bluenatur.com\/ca\/wp-json\/wp\/v2\/pages\/6892\/revisions\/9737"}],"wp:attachment":[{"href":"https:\/\/www.bluenatur.com\/ca\/wp-json\/wp\/v2\/media?parent=6892"}],"curies":[{"name":"wp","href":"https:\/\/api.w.org\/{rel}","templated":true}]}}